{"id":1327,"date":"2024-04-30T11:25:40","date_gmt":"2024-04-30T09:25:40","guid":{"rendered":"https:\/\/www.naszpiast.pl\/?page_id=1327"},"modified":"2024-09-24T15:10:20","modified_gmt":"2024-09-24T13:10:20","slug":"laboratorium-tradycji-koledniczych-lubelszczyzny","status":"publish","type":"page","link":"https:\/\/www.naszpiast.pl\/?page_id=1327","title":{"rendered":"Laboratorium Tradycji Kol\u0119dniczych Lubelszczyzny"},"content":{"rendered":"\n<div id=\"wp-block-themeisle-blocks-advanced-columns-4e0956b6\" class=\"wp-block-themeisle-blocks-advanced-columns has-1-columns has-desktop-equal-layout has-tablet-equal-layout has-mobile-equal-layout has-vertical-unset\"><div class=\"wp-block-themeisle-blocks-advanced-columns-overlay\"><\/div><div class=\"innerblocks-wrap\">\n<div id=\"wp-block-themeisle-blocks-advanced-column-a3fa687f\" class=\"wp-block-themeisle-blocks-advanced-column\">\n<p>Stowarzyszanie \u201eNasz Piast\u201d w Lublinie (organizator Laboratorium) od 2008 roku organizuje Og\u00f3lnopolski Przegl\u0105d Zespo\u0142\u00f3w i Grup Kol\u0119dniczych, w kt\u00f3rym uczestnicz\u0105 zespo\u0142y z wojew\u00f3dztw: lubelskiego, podkarpackiego, mazowieckiego, \u0142\u00f3dzkiego, \u015bwi\u0119tokrzyskiego oraz ma\u0142opolskiego. Ka\u017cdego roku bierze udzia\u0142 w przegl\u0105dzie ponad 40. zespo\u0142\u00f3w. Prezentowany repertuar jest archiwizowany przez cz\u0142onk\u00f3w jury.<\/p>\n\n\n<div class=\"wp-block-image\">\n<figure class=\"aligncenter size-large\"><img loading=\"lazy\" decoding=\"async\" width=\"1024\" height=\"680\" src=\"https:\/\/www.naszpiast.pl\/wp-content\/uploads\/2024\/04\/0b344ce1-a8fc-48e3-a9c7-f460444a5d8d-1024x680.jpeg\" alt=\"\" class=\"wp-image-1336\" srcset=\"https:\/\/www.naszpiast.pl\/wp-content\/uploads\/2024\/04\/0b344ce1-a8fc-48e3-a9c7-f460444a5d8d-1024x680.jpeg 1024w, https:\/\/www.naszpiast.pl\/wp-content\/uploads\/2024\/04\/0b344ce1-a8fc-48e3-a9c7-f460444a5d8d-300x199.jpeg 300w, https:\/\/www.naszpiast.pl\/wp-content\/uploads\/2024\/04\/0b344ce1-a8fc-48e3-a9c7-f460444a5d8d-768x510.jpeg 768w, https:\/\/www.naszpiast.pl\/wp-content\/uploads\/2024\/04\/0b344ce1-a8fc-48e3-a9c7-f460444a5d8d.jpeg 1080w\" sizes=\"auto, (max-width: 1024px) 100vw, 1024px\" \/><\/figure>\n<\/div>\n\n\n<p>D\u0142ugoletnie do\u015bwiadczenie organizacji przegl\u0105du pozwala zdefiniowa\u0107 problem zanikaj\u0105cych obrz\u0119d\u00f3w kol\u0119dniczych na terenie wojew\u00f3dztwa. Z roku na rok zg\u0142asza si\u0119 coraz mniej zespo\u0142\u00f3w\/grup prezentuj\u0105cych r\u00f3\u017cne formy kol\u0119dnicze takie jak: kol\u0119dowanie z gwiazd\u0105, czy chodzenie z koz\u0105, z herodem i inne zwyczaje dawnej wsi okresu bo\u017conarodzeniowego.<\/p>\n\n\n\n<p>Odpowiadaj\u0105c na powy\u017cszy problem Stowarzyszenie zorganizuje <strong>Laboratorium Tradycji Kol\u0119dniczych<\/strong> <strong>Lubelszczyzny<\/strong> (<strong>LTKL)<\/strong> z udzia\u0142em ekspert\u00f3w, badaczy, praktyk\u00f3w kieruj\u0105c jego ofert\u0119 edukacyjn\u0105 do przedstawicieli grup i zespo\u0142\u00f3w uczestnicz\u0105cych w przegl\u0105dzie oraz wszystkich tych, kt\u00f3rzy chc\u0105 tworzy\u0107 na terenie swoich wsi grupy kol\u0119dnicze, dokumentowa\u0107 dziedzictwo kulturowe, poznawa\u0107 tradycje bo\u017conarodzeniowe swoich miejsc i inspirowa\u0107 si\u0119 tradycj\u0105 ludow\u0105 w dzia\u0142aniach animacyjnych.<\/p>\n\n\n<div class=\"wp-block-image\">\n<figure class=\"aligncenter size-large is-resized\"><img loading=\"lazy\" decoding=\"async\" width=\"1024\" height=\"330\" src=\"https:\/\/www.naszpiast.pl\/wp-content\/uploads\/2024\/04\/2024_NCK_dofinans_etnoplska_RGB-1024x330.jpg\" alt=\"\" class=\"wp-image-1332\" style=\"width:583px;height:auto\" srcset=\"https:\/\/www.naszpiast.pl\/wp-content\/uploads\/2024\/04\/2024_NCK_dofinans_etnoplska_RGB-1024x330.jpg 1024w, https:\/\/www.naszpiast.pl\/wp-content\/uploads\/2024\/04\/2024_NCK_dofinans_etnoplska_RGB-300x97.jpg 300w, https:\/\/www.naszpiast.pl\/wp-content\/uploads\/2024\/04\/2024_NCK_dofinans_etnoplska_RGB-768x247.jpg 768w, https:\/\/www.naszpiast.pl\/wp-content\/uploads\/2024\/04\/2024_NCK_dofinans_etnoplska_RGB-1536x494.jpg 1536w, https:\/\/www.naszpiast.pl\/wp-content\/uploads\/2024\/04\/2024_NCK_dofinans_etnoplska_RGB-2048x659.jpg 2048w, https:\/\/www.naszpiast.pl\/wp-content\/uploads\/2024\/04\/2024_NCK_dofinans_etnoplska_RGB-1920x618.jpg 1920w\" sizes=\"auto, (max-width: 1024px) 100vw, 1024px\" \/><\/figure>\n<\/div>\n\n\n<p><strong>Cele Laboratorium:<\/strong><\/p>\n\n\n\n<ol class=\"wp-block-list\">\n<li>Docenienie i popularyzacja dzia\u0142alno\u015bci edukacyjno-animacyjnej grup mieszka\u0144c\u00f3w zrzeszonych i niezrzeszonych z terenu Lubelszczyzny zainspirowanych dziedzictwem kulturowym swoich miejsc zamieszkania. Umo\u017cliwienie im podniesienia poziomu wiedzy na temat tradycji kol\u0119dniczych z ich teren\u00f3w;<\/li>\n\n\n\n<li>Zainicjowanie powo\u0142ania nowych i\/lub reaktywowania dawnych grup kol\u0119dnik\u00f3w i zespo\u0142\u00f3w \u015bpiewaczych, poszukiwanie nowego repertuaru;<\/li>\n\n\n\n<li>Rozbudzenie w\u015br\u00f3d uczestnik\u00f3w Laboratorium potrzeby \u017cywego, autentycznego &#8222;chodzenia po kol\u0119dzie&#8221; z wykorzystaniem lokalnych stroj\u00f3w, muzyki, \u015bpiewu &#8211; edukacja w kierunku odtwarzanie ca\u0142o\u015bciowego kontekstu kol\u0119dniczego;<\/li>\n\n\n\n<li>Integracja przedstawicieli ro\u017cnych grup\/zespo\u0142\u00f3w kol\u0119dniczych pochodz\u0105cych z odleg\u0142ych od siebie stron Lubelszczyzny &#8211; wymiana do\u015bwiadcze\u0144\u0301, wsp\u00f3\u0142praca, wzajemne inspirowanie si\u0119\u0328 kultur\u0105 ludow\u0105.<\/li>\n<\/ol>\n\n\n\n<p><strong>Zapraszamy do zapoznania si\u0119 z materia\u0142em filmowym:<\/strong><\/p>\n\n\n\n<p>\n<iframe loading=\"lazy\" style=\"\n    border-width:10px;\n    border-style:inset;\n    border-top-color: #bfbcbc;\n    border-bottom-color: white;\n    box-shadow: 3px 3px 10px grey;\n    \" width=\"100%\" height=\"620\" src=\"https:\/\/www.youtube.com\/embed\/fWw_VYfZyOQ?si=O9MYyCV52SuNvjf9\" title=\"YouTube video player\" frameborder=\"0\" allow=\"accelerometer; autoplay; clipboard-write; encrypted-media; gyroscope; picture-in-picture; web-share\" referrerpolicy=\"strict-origin-when-cross-origin\" allowfullscreen><\/iframe>\n<\/p>\n\n\n\n<p><strong><\/strong><\/p>\n\n\n<p class=\"has-text-align-center\"><strong>* * *<\/strong><\/p>\n\n\n\n<p><strong>Poni\u017cej prezentujemy reporta\u017c  pt. &#8222;\u0141\u0105czy ich pasja&#8221; zrealizowany 21 sierpnia 2024 r. w GOKiS w Jastkowie z\/s w D\u0105browicy. <\/strong><\/p>\n\n\n\n<p>\n<iframe loading=\"lazy\" style=\"\n    border-width:10px;\n    border-style:inset;\n    border-top-color: #bfbcbc;\n    border-bottom-color: white;\n    box-shadow: 3px 3px 10px grey;\n    \" width=\"100%\" height=\"620\" src=\"https:\/\/drive.google.com\/file\/d\/1jmpCY8UYfAYjdDIN1YgnD4wltc0q_Z1c\/preview\" frameborder=\"0\" allow=\"accelerometer; autoplay; clipboard-write; encrypted-media; gyroscope; picture-in-picture; web-share\" referrerpolicy=\"strict-origin-when-cross-origin\" allowfullscreen><\/iframe>\n<\/p>\n\n\n\n\n<p><strong>Kadra Laboratorium:<\/strong><\/p>\n\n\n\n<p><em><strong>Profesor dr hab. Jan Adamowski<\/strong><\/em><br>Od pocz\u0105tku swojej pracy naukowej zwi\u0105zany jest z UMCS w Lublinie, jest uznanym w \u015brodowisku j\u0119zykoznawc\u0105\u0328, folkloryst\u0105, badaczem kultury. Jego zainteresowania naukowe obejmuj\u0105\u0328 szeroki wachlarz problem\u00f3w, pocz\u0105wszy od etnolingwistyki, poprzez komunikacj\u0119 niewerbaln\u0105 (ma\u0142a architektura sakralna i semiotyka cmentarza), po problemy kultury tradycyjnej (np. folklor i pisarstwo ludowe, religijno\u015b\u0107 i obrz\u0119dowo\u015b\u0107 doroczna i rodzinna; zwyczaje i wierzenia, regionalizm) i zagadnienia dotycz\u0105ce wschodniego pogranicza kulturowego<\/p>\n\n\n\n<p><em><strong>Dr Agnieszka Szokaluk-Gorczyca<\/strong><\/em><br>Od 2000 roku bada, dokumentuje i praktykuje \u015bpiew tradycyjny z Lubelszczyzny, uczennica wybitnych wiejskich \u015bpiewaczek z Roztocza, Podlasia, Che\u0142mskiego. Wsp\u00f3\u0142autorka wydawnictw ksi\u0105\u017ckowych, p\u0142yt i internetowych encyklopedii muzyki tradycyjnej Roztocza i Polesia. Jako \u015bpiewaczka bra\u0142a udzia\u0142 w licznych projektach scenicznych, p\u0142ytowych, filmowych (m.in. Poleski Sk\u0142ad Smyczkowy, film \u201eWo\u0142y\u0144\u201d W. Smarzowskiego, Zesp\u00f3\u0142 Mi\u0119dzynarodowej Szko\u0142y Muzyki Tradycyjnej). Od kilkunastu lat prowadzi autorskie warsztaty \u015bpiewacze, cz\u0119sto we wsp\u00f3\u0142pracy z wiejskimi \u015bpiewaczkami z regionu. Stypendystka Ministra Kultury.<\/p>\n\n\n\n<p><br><strong>Krzysztof Gorczyca<\/strong><br>Prezes Towarzystwa dla Natury i Cz\u0142owieka, badacz, dokumentator i popularyzator muzycznych tradycji Lubelszczyzny; organizator kilkudziesi\u0119ciu koncert\u00f3w, festiwali i innych wydarze\u0144 (\u201em.in. cykle \u201ePie\u015bni bagien\u201d i \u201eFanfara\u201d), redaktor i autor nagradzanych ksi\u0105\u017cek, p\u0142yt i zasob\u00f3w internetowych, cz\u0142onek zespo\u0142u og\u00f3lnopolskiego programu Akademia Kolberga, koordynator Lubelskiej Szko\u0142y Tradycji, stypendysta Ministra Kultury. Wraz z \u017con\u0105 Agnieszk\u0105 od ponad 2 dekad uczestnicz\u0105 w akcjach i dzia\u0142aniach muzycznych i teatralnych bazuj\u0105cymi na praktyce obrz\u0119dowo\u015bci. Od 2006 roku corocznie prowadz\u0105 wyprawy kol\u0119dnicze po wioskach r\u00f3\u017cnych zak\u0105tk\u00f3w Lubelszczyzny na bazie lokalnych przekaz\u00f3w i repertuaru poznanego od dawnych kol\u0119dnik\u00f3w.<br><br><\/p>\n\n\n\n<p><em><strong>Dr hab. Mariola Tymochowicz, prof. UMCS<\/strong><\/em><br>Katedra Niematerialnego Dziedzictwa Kulturowego. Zainteresowania naukowe: antropologia jedzenia, tradycyjnych stroj\u00f3w ludowych, turystyki, a tak\u017ce kultura tradycyjna Polski i Europy, mniejszo\u015bci narodowe w Polsce, wschodnie pogranicze kulturowe oraz muzealnictwo.<\/p>\n\n\n\n<p><em><strong>Andrzej Sar<\/strong><\/em><br>Muzyk, etnomuzykolog. Wieloletni komisarz Og\u00f3lnopolskiego Festiwalu Kapel i \u015apiewak\u00f3w Ludowych w Kazimierzu, wsp\u00f3\u0142organizator wielu wydarze\u0144 z zakresu kultury ludowej na terenie wojew\u00f3dztwa lubelskiego. Autor licznych artyku\u0142\u00f3w i transkrypcji zamieszczanych w specjalistycznych periodykach, monografiach zespo\u0142\u00f3w i pracach zbiorowych. Cz\u0142onek sekcji folkloru Rady Naukowej przy Zarz\u0105dzie G\u0142\u00f3wny Stowarzyszenia Tw\u00f3rc\u00f3w Ludowych i Towarzystwa Kultury Teatralnej Ziemi Lubelskiej, muzyk \u2013 instrumentalista, wokalista.<\/p>\n\n\n\n<p><em><strong>Dr Beata Maksymiuk-Pacek<\/strong><\/em><\/p>\n\n\n\n<p>Adiunkt w Katedrze Niematerialnego Dziedzictwa Kulturowego Instytutu Nauk o Kulturze UMCS, doktor nauk humanistycznych, kulturoznawczyni i bibliotekoznawczyni, do\u015bwiadczona badaczka terenowa. Jej zainteresowania badawcze koncentruj\u0105 si\u0119 wok\u00f3\u0142 polskiej kultury tradycyjnej wschodniego pogranicza Polski (g\u0142\u00f3wnie po\u0142udniowego Podlasia), ze szczeg\u00f3lnym uwzgl\u0119dnieniem obrz\u0119dowo\u015bci dorocznej i rodzinnej. Od 2011 roku cz\u0142onek zespo\u0142u redaguj\u0105cego wydawan\u0105 pod auspicjami Instytutu Sztuki PAN w Warszawie seri\u0119 <em>Polska Pie\u015b\u0144 i Muzyka Ludowa. \u0179r\u00f3d\u0142a i Materia\u0142y<\/em>, t. 4: <em>Lubelskie<\/em> (2011), t. 5: <em>Podlasie<\/em> (2012, 2016), t. 6: <em>Kurpie <\/em>(w przygotowaniu). Wsp\u00f3\u0142pracuje nad projektami badawczymi realizowanymi m.in. w Uniwersytecie Marii Curie-Sk\u0142odowskiej w Lublinie, Instytucie Sztuki Polskiej Akademii Nauk w Warszawie, Polskim Towarzystwie Ludoznawczym we Wroc\u0142awiu, Muzeum Kultury Ludowej w Kolbuszowej. Autorka licznych prac na temat kultury ludowej i jej dokumentowania.<\/p>\n\n\n\n<p><strong>Kadra zarz\u0105dzaj\u0105ca:<\/strong><\/p>\n\n\n\n<p><em><strong>Czes\u0142aw Warda &#8211;<\/strong><\/em> prezes Stowarzyszenia &#8222;Nasz Piast&#8221;, prawnik, radca prawny na emeryturze, pasjonat kultury ludowej<\/p>\n\n\n\n<p><em><strong>Aneta Pepas-Skowron<\/strong><\/em> \u2013 koordynatorka projektu<br>Animatorka i mened\u017cerka kultury, koordynatorka i pomys\u0142odawczyni wielu projekt\u00f3w, program\u00f3w z zakresu edukacji kulturalnej, badaczka kultury. W latach 2003 &#8211; 2011 asystentka w Zak\u0142adzie Pedagogiki Kultury UMCS w Lublinie na specjalno\u015bci animator i mened\u017cer kultury. W latach 2011 &#8211; 2021 dyrektorka Miejskiego O\u015brodka Kultury w Dynowie. Pomys\u0142odawczyni i realizatorka etnoperformens\u00f3w na terenie wsi i miasteczek m.in. opracowa\u0142a na ten temat tekst &#8222;Dynowskie do\u015bwiadczenia bada\u0144 tradycji weselnej z zastosowaniem etnografii performatywnej\/ Dokumentacja i Sztuka 2016.<\/p>\n\n\n\n<p><strong>Kamil Zi\u00f3\u0142kowski<\/strong> \u2013 wsp\u00f3\u0142organizator projektu na terenie Gminnego O\u015brodka Kultury i Sportu w Jastkowie z siedzib\u0105 w D\u0105browicy. Od 15 lat dyrektor GOKiS oraz Zespo\u0142u Pie\u015bni i Ta\u0144ca &#8222;D\u0105browica&#8221;. W latach 2008 &#8211; 2023 za szczeg\u00f3lne osi\u0105gni\u0119cia w upowszechnianiu kultury otrzymywa\u0142 corocznie nagrod\u0119 W\u00f3jta Gminy Jastk\u00f3w. Za ca\u0142okszta\u0142t swojej dzia\u0142alno\u015bci w roku 2020 zosta\u0142 nagrodzony odznak\u0105 honorow\u0105 &#8222;Zas\u0142u\u017cony dla Kultury Polskiej&#8221; przez Ministra Kultury i Dziedzictwa Narodowego.<\/p>\n\n\n\n<p>Za\u0142o\u017cyciel i prezes zarz\u0105du Stowarzyszenia Otwarci i Kreatywni, kt\u00f3re zajmuje si\u0119 m. in. kultywowaniem i upowszechnianiem dziedzictwa historyczno &#8211; kulturowego gminy Jastk\u00f3w.<\/p>\n\n\n<div class=\"wp-block-image\">\n<figure class=\"aligncenter size-full\"><img loading=\"lazy\" decoding=\"async\" width=\"900\" height=\"600\" src=\"https:\/\/www.naszpiast.pl\/wp-content\/uploads\/2024\/04\/zdjecie-glowne.jpeg\" alt=\"\" class=\"wp-image-1337\" srcset=\"https:\/\/www.naszpiast.pl\/wp-content\/uploads\/2024\/04\/zdjecie-glowne.jpeg 900w, https:\/\/www.naszpiast.pl\/wp-content\/uploads\/2024\/04\/zdjecie-glowne-300x200.jpeg 300w, https:\/\/www.naszpiast.pl\/wp-content\/uploads\/2024\/04\/zdjecie-glowne-768x512.jpeg 768w\" sizes=\"auto, (max-width: 900px) 100vw, 900px\" \/><\/figure>\n<\/div>\n\n\n<p><strong>Organizacja Laboratorium<\/strong><\/p>\n\n\n\n<p>1. Uczestnicy Laboratorium to osoby z terenu Lubelszczyzny\/ 30 os\u00f3b;<\/p>\n\n\n\n<p>2. Uczestnicy zostan\u0105 podzieleni na 2 grupy po 15 os\u00f3b;<\/p>\n\n\n\n<p>3. Zapraszamy do zg\u0142aszania si\u0119 po 2 osoby (przedstawiciele) z ka\u017cdej ju\u017c istniej\u0105cej grupy\/zespo\u0142u kol\u0119dniczego lub innej grupy (KGW, Stowarzyszenie, OSP, inne), kt\u00f3ra chce powo\u0142a\u0107 lub reaktywowa\u0107 na terenie swojej miejscowo\u015bci zesp\u00f3\u0142 kol\u0119dniczy. Organizatorom zale\u017cy, aby uczestnicy pochodzili z terenu r\u00f3\u017cnych powiat\u00f3w\/gmin. Liczba miejsc jest ograniczona. W przypadku wi\u0119kszej liczby zg\u0142osze\u0144 ni\u017c ta przewidziana w projekcie kadra Laboratorium przeprowadzi rozmowy z potencjalnymi uczestnikami.<\/p>\n\n\n\n<p>3. Ka\u017cda grupa ma 2 weekendowe zjazdy (sobota\/niedziela), raz w miesi\u0105cu zgodnie z nast\u0119puj\u0105cym harmonogramem:<\/p>\n\n\n\n<p>a) Gr. I: Zachodnia cz\u0119\u015b\u0107 wojew\u00f3dztwa (powiaty: \u0142ukowski, rycki, pu\u0142awski, radzy\u0144ski, lubartowski, lubelski, \u015bwidnicki, \u0142\u0119czy\u0144ski)<\/p>\n\n\n\n<p class=\"has-text-align-center\">Zjazdy w maju i czerwcu\/ terminy: <strong>25-26 maja<\/strong>; <strong>29-30 czerwca<\/strong><\/p>\n\n\n\n<p class=\"has-text-align-center\">Sobota\/ od godz. 11.00<\/p>\n\n\n\n<p class=\"has-text-align-center\">Niedziela\/ do godz. 14.30<\/p>\n\n\n\n<figure class=\"wp-block-gallery has-nested-images columns-default is-cropped wp-block-gallery-1 is-layout-flex wp-block-gallery-is-layout-flex\">\n<figure class=\"wp-block-image\"><img decoding=\"async\" src=\"https:\/\/www.dklsm.pl\/wp-content\/uploads\/2024\/06\/01.jpg\" alt=\"\"\/><\/figure>\n\n\n\n<figure class=\"wp-block-image\"><img decoding=\"async\" src=\"https:\/\/www.dklsm.pl\/wp-content\/uploads\/2024\/06\/02.jpg\" alt=\"\"\/><\/figure>\n\n\n\n<figure class=\"wp-block-image\"><img decoding=\"async\" src=\"https:\/\/www.dklsm.pl\/wp-content\/uploads\/2024\/06\/03.jpg\" alt=\"\"\/><\/figure>\n\n\n\n<figure class=\"wp-block-image\"><img decoding=\"async\" src=\"https:\/\/www.dklsm.pl\/wp-content\/uploads\/2024\/06\/04.jpg\" alt=\"\"\/><\/figure>\n\n\n\n<figure class=\"wp-block-image\"><img decoding=\"async\" src=\"https:\/\/www.dklsm.pl\/wp-content\/uploads\/2024\/06\/05.jpg\" alt=\"\"\/><\/figure>\n\n\n\n<figure class=\"wp-block-image\"><img decoding=\"async\" src=\"https:\/\/www.dklsm.pl\/wp-content\/uploads\/2024\/06\/06.jpg\" alt=\"\"\/><\/figure>\n\n\n\n<figure class=\"wp-block-image\"><img decoding=\"async\" src=\"https:\/\/www.dklsm.pl\/wp-content\/uploads\/2024\/06\/07.jpg\" alt=\"\"\/><\/figure>\n\n\n\n<figure class=\"wp-block-image\"><img decoding=\"async\" src=\"https:\/\/www.dklsm.pl\/wp-content\/uploads\/2024\/06\/09.jpg\" alt=\"\"\/><\/figure>\n\n\n\n<figure class=\"wp-block-image\"><img decoding=\"async\" src=\"https:\/\/www.dklsm.pl\/wp-content\/uploads\/2024\/06\/10.jpg\" alt=\"\"\/><\/figure>\n\n\n\n<figure class=\"wp-block-image\"><img decoding=\"async\" src=\"https:\/\/www.dklsm.pl\/wp-content\/uploads\/2024\/06\/11.jpg\" alt=\"\"\/><\/figure>\n\n\n\n<figure class=\"wp-block-image\"><img decoding=\"async\" src=\"https:\/\/www.dklsm.pl\/wp-content\/uploads\/2024\/06\/12.jpg\" alt=\"\"\/><\/figure>\n\n\n\n<figure class=\"wp-block-image\"><img decoding=\"async\" src=\"https:\/\/www.dklsm.pl\/wp-content\/uploads\/2024\/06\/13.jpg\" alt=\"\"\/><\/figure>\n<\/figure>\n\n\n\n<p>b) Gr. II: Wschodnia cz\u0119\u015b\u0107 wojew\u00f3dztwa (powiaty: bialski, w\u0142odawski, che\u0142mski, hrubieszowski, parczewski, tomaszowski, zamojski, krasnostawski)<\/p>\n\n\n\n<p class=\"has-text-align-center\">Zjazdy w lipcu i sierpniu\/ terminy: <strong>20-21 lipca<\/strong>; <strong>31 sierpnia \u2013 1 wrze\u015bnia<\/strong><\/p>\n\n\n\n<p>3. Uczestnicy, kadra i zaproszeni go\u015bcie uczestnicz\u0105 we wsp\u00f3lnym seminarium podsumowuj\u0105cym Laboratorium w terminie 21 wrze\u015bnia 2024 r. (sobota) na terenie Urz\u0119du Gminy w Jastkowie;<\/p>\n\n\n\n<p>4. Uczestnicy Laboratorium maj\u0105 zapewnione noclegi i posi\u0142ki podczas trwania ca\u0142ego Laboratorium na ternie Gminy Jastk\u00f3w;<\/p>\n\n\n\n<p>5. Uczestnictwo w Laboratorium jest bezp\u0142atne;<\/p>\n\n\n\n<p>6. Pobierz charakterystyk\u0119 zaj\u0119\u0107 Laboratorium <strong><a href=\"https:\/\/www.naszpiast.pl\/wp-content\/uploads\/2024\/04\/Opis-zajec-Laboratorium.pdf\" target=\"_blank\" rel=\"noreferrer noopener\">Opis zaje\u0328c\u0301 Laboratorium.pdf<\/a><\/strong><\/p>\n\n\n\n<p>7. Miejsce zjazd\u00f3w: Gmina Jastk\u00f3w\/GOKiS w Jastkowie z\/s w D\u0105browicy<\/p>\n\n\n\n<p>8. Koordynacja LTKL: Aneta Pepa\u015b-Skowron\/ kontakt: 601-287-737, <a href=\"mailto:anetakapewu@gmail.com\">anetakapewu@gmail.com<\/a><\/p>\n\n\n\n<p>9. Dofinansowano ze \u015brodk\u00f3w Ministra Kultury i Dziedzictwa Narodowego w ramach programu Narodowego Centrum Kultury EtnoPolska. Edycja 2024.<\/p>\n\n\n\n<p>UWAGA:<\/p>\n\n\n\n<p>Co trzeba zrobi\u0107, aby zg\u0142osi\u0107 si\u0119 do Laboratorium?<\/p>\n\n\n\n<p>Wype\u0142ni\u0107 formularz online i przes\u0142a\u0107 (nie trzeba zapisywa\u0107 na komputerze, skanowa\u0107 i drukowa\u0107 !!!) do dnia 17 maja 2024 r.<\/p>\n\n\n\n<p>Link do <strong>formularza zg\u0142oszeniowego<\/strong>: (wystarczy klikn\u0105\u0107 \u201ewy\u015blij\u201d)<\/p>\n\n\n\n<p><a href=\"https:\/\/docs.google.com\/forms\/d\/1_NJd-o4BX2vyh9gy9PJkWf_smFbDj5hAFVGO8uio29M\/edit\" target=\"_blank\" rel=\"noreferrer noopener\">https:\/\/docs.google.com\/forms\/d\/1_NJd-o4BX2vyh9gy9PJkWf_smFbDj5hAFVGO8uio29M\/edit<\/a><\/p>\n\n\n\n<p><strong>Kontakt do organizator\u00f3w:<\/strong><\/p>\n\n\n\n<p class=\"has-text-align-center\"><strong>Stowarzyszenie \u201eNasz Piast\u201d<\/strong><\/p>\n\n\n\n<p class=\"has-text-align-center\">Aneta Pepa\u015b-Skowron<\/p>\n\n\n\n<p class=\"has-text-align-center\">e-mail: anetakapewu@gmail.com<\/p>\n\n\n\n<p class=\"has-text-align-center\">Tel. kom: 601-287-737<\/p>\n\n\n\n<p><\/p>\n<\/div>\n<\/div><\/div>\n\n\n<div class=\"wp-block-image\">\n<figure class=\"aligncenter size-large\"><img loading=\"lazy\" decoding=\"async\" width=\"1024\" height=\"768\" src=\"https:\/\/www.naszpiast.pl\/wp-content\/uploads\/2024\/04\/5a00b25d-0c4e-4de1-880f-4e97b67772e8-1-1024x768.jpeg\" alt=\"\" class=\"wp-image-1338\" srcset=\"https:\/\/www.naszpiast.pl\/wp-content\/uploads\/2024\/04\/5a00b25d-0c4e-4de1-880f-4e97b67772e8-1-1024x768.jpeg 1024w, https:\/\/www.naszpiast.pl\/wp-content\/uploads\/2024\/04\/5a00b25d-0c4e-4de1-880f-4e97b67772e8-1-300x225.jpeg 300w, https:\/\/www.naszpiast.pl\/wp-content\/uploads\/2024\/04\/5a00b25d-0c4e-4de1-880f-4e97b67772e8-1-768x576.jpeg 768w, https:\/\/www.naszpiast.pl\/wp-content\/uploads\/2024\/04\/5a00b25d-0c4e-4de1-880f-4e97b67772e8-1.jpeg 1080w\" sizes=\"auto, (max-width: 1024px) 100vw, 1024px\" \/><\/figure>\n<\/div>\n\n\n<p class=\"has-text-align-center\"><p style=\"font-size:11px; text-align:right;\">Archiwalne zdj\u0119cia kol\u0119dnik\u00f3w udost\u0119pnione przez Towarzystwa dla Natury i Cz\u0142owieka&nbsp;<\/p><\/p>\n\n\n\n<p><\/p>\n\n\n\n<figure class=\"wp-block-image\"><img decoding=\"async\" src=\"https:\/\/www.dklsm.pl\/wp-content\/uploads\/2024\/06\/afiszLTKL.jpg\" alt=\"\"\/><\/figure>\n","protected":false},"excerpt":{"rendered":"<p>Archiwalne zdj\u0119cia kol\u0119dnik\u00f3w udost\u0119pnione przez Towarzystwa dla Natury i Cz\u0142owieka&nbsp;<\/p>\n","protected":false},"author":1,"featured_media":1339,"parent":0,"menu_order":7,"comment_status":"closed","ping_status":"closed","template":"","meta":{"_themeisle_gutenberg_block_has_review":false,"footnotes":""},"class_list":["post-1327","page","type-page","status-publish","has-post-thumbnail","hentry"],"_links":{"self":[{"href":"https:\/\/www.naszpiast.pl\/index.php?rest_route=\/wp\/v2\/pages\/1327","targetHints":{"allow":["GET"]}}],"collection":[{"href":"https:\/\/www.naszpiast.pl\/index.php?rest_route=\/wp\/v2\/pages"}],"about":[{"href":"https:\/\/www.naszpiast.pl\/index.php?rest_route=\/wp\/v2\/types\/page"}],"author":[{"embeddable":true,"href":"https:\/\/www.naszpiast.pl\/index.php?rest_route=\/wp\/v2\/users\/1"}],"replies":[{"embeddable":true,"href":"https:\/\/www.naszpiast.pl\/index.php?rest_route=%2Fwp%2Fv2%2Fcomments&post=1327"}],"version-history":[{"count":31,"href":"https:\/\/www.naszpiast.pl\/index.php?rest_route=\/wp\/v2\/pages\/1327\/revisions"}],"predecessor-version":[{"id":1391,"href":"https:\/\/www.naszpiast.pl\/index.php?rest_route=\/wp\/v2\/pages\/1327\/revisions\/1391"}],"wp:featuredmedia":[{"embeddable":true,"href":"https:\/\/www.naszpiast.pl\/index.php?rest_route=\/wp\/v2\/media\/1339"}],"wp:attachment":[{"href":"https:\/\/www.naszpiast.pl\/index.php?rest_route=%2Fwp%2Fv2%2Fmedia&parent=1327"}],"curies":[{"name":"wp","href":"https:\/\/api.w.org\/{rel}","templated":true}]}}