{"id":1392,"date":"2024-12-02T08:43:40","date_gmt":"2024-12-02T07:43:40","guid":{"rendered":"https:\/\/www.naszpiast.pl\/?page_id=1392"},"modified":"2024-12-02T08:43:40","modified_gmt":"2024-12-02T07:43:40","slug":"xiv-przeglad","status":"publish","type":"page","link":"https:\/\/www.naszpiast.pl\/?page_id=1392","title":{"rendered":"XIV PRZEGL\u0104D"},"content":{"rendered":"\n<h2 class=\"wp-block-heading has-text-align-center\"><span style=\"color: #0a7109;\"> XIV Og\u00f3lnopolski Przegl\u0105d Zespo\u0142\u00f3w i Grup Kol\u0119dniczych<\/span><\/h2>\n\n\n\n<p class=\"has-text-align-center\"><strong>13-14 stycznia 2024 r<\/strong>.<\/p>\n\n\n\n<span style=\"color: #0693e3;\"><h3 class=\"wp-block-heading has-text-align-center\"><span style=\"color: #0693e3;\">Partnerem Wydarzenia jest Wojew\u00f3dztwo Lubelskie<\/span><\/h3><\/span>\n\n\n\n<h3 class=\"wp-block-heading has-text-align-center\"><span style=\"color: #0693e3;\">\u201eLubelskie. Smakuj \u017bycie!\u201d<\/span><\/h3>\n\n\n\n<hr class=\"wp-block-separator has-alpha-channel-opacity\"\/>\n\n\n\n<hr class=\"wp-block-separator has-alpha-channel-opacity\"\/>\n\n\n\n<p class=\"has-text-align-center\"><strong>***<\/strong><\/p>\n\n\n\n<p class=\"has-text-align-center\"><strong>Program:<\/strong><\/p>\n\n\n\n<p><strong>13 stycznia (sobota)<\/strong><\/p>\n\n\n\n<p><strong>&#8211; godz. 10:00 <\/strong>&#8211; msza \u015bw. w ko\u015bciele pw. \u015bw. J\u00f3zefa przy ul. Filaret\u00f3w w Lublinie w intencji zmar\u0142ego Piotra Kuli lidera Grupy Kol\u0119dniczej Szopka z Lalkami .<\/p>\n\n\n\n<p><strong>&#8211; godz. 11:30<\/strong> &#8211; uroczysto\u015b\u0107 otwarcia Przegl\u0105du w Domu Kultury LSM ul. K. Wallenroda 4a.<\/p>\n\n\n\n<p><strong>&#8211; od godz. 12:00<\/strong> \u2013 wyst\u0119py zespo\u0142\u00f3w<\/p>\n\n\n\n<p><strong>14 stycznia (niedziela)<\/strong><\/p>\n\n\n\n<p><strong>&#8211; od godz. 10:00<\/strong> \u2013 wyst\u0119py zespo\u0142\u00f3w<\/p>\n\n\n\n<hr class=\"wp-block-separator has-alpha-channel-opacity\"\/>\n\n\n<p><iframe loading=\"lazy\" src=\"https:\/\/drive.google.com\/file\/d\/1HPOqRzt5tv55qNjinkuIgoWpWxIeYIyB\/preview\" width=\"100%\" height=\"530\" allow=\"autoplay\"><\/iframe><\/p>\n\n\n<hr class=\"wp-block-separator has-alpha-channel-opacity\"\/>\n\n\n\n<p class=\"has-text-align-center\"><strong>Protok\u00f3\u0142 Jury<br>XIV Og\u00f3lnopolskiego Przegl\u0105du Zespo\u0142\u00f3w i&nbsp;Grup Kol\u0119dniczych<br>im. Zdzis\u0142awa Podka\u0144skiego<br>Lublin , 13-14 stycznia 2024 r.<\/strong><\/p>\n\n\n\n<p class=\"has-text-align-left\"><br>Jury pracowa\u0142o w&nbsp;sk\u0142adzie:<br>prof.&nbsp;dr&nbsp;hab.&nbsp;<strong>Jan Adamowski<\/strong> \u2013 przewodnicz\u0105cy,<br>dr&nbsp; hab.&nbsp;<strong>Mariola Tymochowicz<\/strong>, prof.&nbsp;UMCS,<br>mgr&nbsp;<strong>Andrzej Sar<\/strong><\/p>\n\n\n\n<p class=\"has-text-align-left\">.<br>Jury, w&nbsp;ramach XIV Og\u00f3lnopolskiego Przegl\u0105du Zespo\u0142\u00f3w i&nbsp;Grup Kol\u0119dniczych im. Zdzis\u0142awa Podka\u0144skiego Lublin , w&nbsp;dniach 13-14 stycznia 2024 r., przes\u0142ucha\u0142o og\u00f3\u0142em 28 prezentacji, w&nbsp;tym 8 grup kol\u0119dniczych i&nbsp;20 zespo\u0142\u00f3w i&nbsp;grup \u015bpiewaczych. Wykonawcy pochodzili g\u0142\u00f3wnie z&nbsp;w&nbsp;obszaru woj. lubelskiego ale byli te\u017c wykonawcy z&nbsp;innych wojew\u00f3dztw, jak: woj. podkarpackie, mazowieckie, ma\u0142opolskie i&nbsp;warmi\u0144sko-mazurskie. Prezentacje odbywa\u0142y si\u0119 na scenie Domu Kultury Lubelskiej Sp\u00f3\u0142dzielni Mieszkaniowej w&nbsp;Lublinie.<br>Bior\u0105c pod uwag\u0119 wysok\u0105 jako\u015b\u0107 artystyczn\u0105 oraz zgodno\u015b\u0107 repertuaru z&nbsp;istot\u0105 zjawiska kol\u0119dowania oraz z&nbsp;lokalnymi \u2013 dla poszczeg\u00f3lnych wykonawc\u00f3w, tradycjami kol\u0119dniczymi, jury przyzna\u0142o nast\u0119puj\u0105ce nagrody i&nbsp;wyr\u00f3\u017cnienia:<\/p>\n\n\n\n<p class=\"has-text-align-center\"><br><strong>W&nbsp;kategorii grypy kol\u0119dnicze:<\/strong><\/p>\n\n\n\n<p class=\"has-text-align-left\"><br>\u2022 Dwie r\u00f3wnorz\u0119dne <strong>nagrody I&nbsp;stopnia<\/strong> po 700 z\u0142.<br><strong>HERODY Z \u0141AZOR<br>ZESP\u00d3\u0141 LUDOWY G\u00d3RNIACY<\/strong><br>\u2022 Dwie r\u00f3wnorz\u0119dne nagrody <strong>II stopnia<\/strong>, po 550 z\u0142.<br><strong>WERDEBUSY DOBCZYCKIE<br>WIELOPOKOLENIOWY ZESP\u00d3\u0141 REGIONALNY W\u0118GOJSKA STRU\u017bKA<\/strong><br>\u2022 Dwie r\u00f3wnorz\u0119dne <strong>III nagrody<\/strong>, po 400 z\u0142.<br><strong>ZESP\u00d3\u0141 OBRZ\u0118DOWY KURASIE Z LUBZINY<br>ZESP\u00d3\u0141 CHRZANOWIANKI<\/strong><br>\u2022 W&nbsp;tej kategorii przyznano r\u00f3wnie\u017c dwa <strong>wyr\u00f3\u017cnienia<\/strong>:<br><strong>GRUPA KOL\u0118DNICZO-TEATRALNA z Woli Sernickiej<\/strong> \u2013 350 z\u0142.<br><strong>POLESKA GRUPA KOL\u0118DNICZA Z ZESPO\u0141U KRESOWIANKI<\/strong> \u2013 200 z\u0142.<\/p>\n\n\n\n<p class=\"has-text-align-center\"><br><strong>W&nbsp;kategorii zespo\u0142\u00f3w \u015bpiewaczych Jury przyzna\u0142o nast\u0119puj\u0105ce nagrody i&nbsp;wyr\u00f3\u017cnienia:<\/strong><\/p>\n\n\n\n<p class=\"has-text-align-left\"><br>\u2022 Trzy r\u00f3wnorz\u0119dne <strong>nagrody I&nbsp;stopnia<\/strong>, po 450 z\u0142. ka\u017cda, przyznano dla nast\u0119puj\u0105cych zespo\u0142\u00f3w:<br><strong>M\u0118SKI ZESP\u00d3\u0141 \u015aPIEWACZY Z BUKOWEJ<br>ZESP\u00d3\u0141 CZERNICZANKI<br>M\u0118SKI ZESP\u00d3\u0141 \u015aPIEWACZY MAJDANIACY<\/strong><br>\u2022 Pi\u0119\u0107 r\u00f3wnorz\u0119dnych <strong>nagr\u00f3d II stopnia<\/strong> \u2013 po 300 z\u0142. ka\u017cda:<br><strong>ZESP\u00d3\u0141 \u015aPIEWACZY KAW\u0118CZYN<br>ZESP\u00d3\u0141 \u015aPIEWACZY KUMOWIANKI<br>ZESP\u00d3\u0141 MARIANKI<br>ZESP\u00d3\u0141 LUDOWY G\u00d3RNIACY<br>WIELOPOKOLENIOWY ZESP\u00d3\u0141 REGIONALNY W\u0118GOJSKA STRU\u017bKA<\/strong><br>\u2022 Jury przyzna\u0142o r\u00f3wnie\u017c pi\u0119\u0107 r\u00f3wnorz\u0119dnych <strong>nagr\u00f3d III stopnia<\/strong> \u2013 po 250 z\u0142.:<br><strong>M\u0141ODE ROZKOPACZEWIANKI<br>ZESP\u00d3\u0141 CHRZANOWIANKI<br>ZESP\u00d3\u0141 \u015aPIEWACZY KALENIANKA<br>ZESP\u00d3\u0141 ZAGRODZKA NUTA<br>ZESP\u00d3\u0141 DYSOWIACY<\/strong><br>\u2022 <strong>Wyr\u00f3\u017cnienia<\/strong> przyznano nast\u0119puj\u0105cym grupom \u015bpiewaczym:<br>po 200 z\u0142.:<br><strong>ZESP\u00d3\u0141 FACELIA<br>ZESP\u00d3\u0141 KOCUDZANKI<\/strong><br>oraz po 150 z\u0142.:<br><strong>LUBELSKA ORKIESTRA RODZINNA<br>SO\u0141ECTW SONG<br>ZESP\u00d3\u0141 ROZTOCZANKI<br>GRUPA MUZYCZNA Z LUBLINA<\/strong><br>Doroczn\u0105 regulaminow\u0105 <strong>Nagrod\u0119 im. Zdzis\u0142awa Podka\u0144skiego<\/strong>, w&nbsp;wysoko\u015bci 1400 z\u0142 \u2013 za wieloletni udzia\u0142 zespo\u0142u w&nbsp;Og\u00f3lnopolskim Przegl\u0105dzie Zespo\u0142\u00f3w i&nbsp;Grup Kol\u0119dniczych oraz 50-letni\u0105 ju\u017c prac\u0119 na rzecz zachowania i&nbsp;popularyzowania kultury ludowej, w&nbsp;szczeg\u00f3lno\u015bci folkloru, swojego regionu ale i&nbsp;ca\u0142ej Lubelszczyzny, otrzyma\u0142 <strong>LUDOWY ZESP\u00d3\u0141 \u015aPIEWACZY ALEKSANDROWIACY<\/strong>.<\/p>\n\n\n\n<p class=\"has-text-align-right\"><br><strong><em>Za Jury<br>Przewodnicz\u0105cy prof.&nbsp;dr&nbsp;hab.&nbsp;Jan Adamowski<\/em><\/strong><\/p>\n\n\n\n<div class=\"wp-block-file ticss-2fc10c22\"><a id=\"wp-block-file--media-2fc10c22-ebc6-4aeb-be00-1244a1986c8d\" href=\"https:\/\/www.naszpiast.pl\/wp-content\/uploads\/2024\/01\/PROTOKOL-JURY-XIV-Przeglad-Koledniczy.pdf\" target=\"_blank\" rel=\"noreferrer noopener\">PROTOK\u00d3\u0141 JURY &#8211; XIV Przegl\u0105d Kol\u0119dniczy<\/a><a href=\"https:\/\/www.naszpiast.pl\/wp-content\/uploads\/2024\/01\/PROTOKOL-JURY-XIV-Przeglad-Koledniczy.pdf\" class=\"wp-block-file__button wp-element-button\" download aria-describedby=\"wp-block-file--media-2fc10c22-ebc6-4aeb-be00-1244a1986c8d\">Pobierz<\/a><\/div>\n\n\n\n<hr class=\"wp-block-separator has-alpha-channel-opacity\"\/>\n\n\n<p><a href=\"http:\/\/www.lubelskie.pl\/\" target=\"_blank\" rel=\"noreferrer noopener\"><img loading=\"lazy\" decoding=\"async\" class=\"wp-image-1154 aligncenter\" src=\"https:\/\/www.naszpiast.pl\/wp-content\/uploads\/2023\/01\/baner4x1-1024x256.jpg\" sizes=\"auto, (max-width: 1024px) 100vw, 1024px\" srcset=\"https:\/\/www.naszpiast.pl\/wp-content\/uploads\/2023\/01\/baner4x1-1024x256.jpg 1024w, https:\/\/www.naszpiast.pl\/wp-content\/uploads\/2023\/01\/baner4x1-300x75.jpg 300w, https:\/\/www.naszpiast.pl\/wp-content\/uploads\/2023\/01\/baner4x1-768x192.jpg 768w, https:\/\/www.naszpiast.pl\/wp-content\/uploads\/2023\/01\/baner4x1-1536x384.jpg 1536w, https:\/\/www.naszpiast.pl\/wp-content\/uploads\/2023\/01\/baner4x1-2048x512.jpg 2048w, https:\/\/www.naszpiast.pl\/wp-content\/uploads\/2023\/01\/baner4x1-1920x480.jpg 1920w\" alt=\"\" width=\"1024\" height=\"256\"><\/a><\/p>\n\n\n<hr class=\"wp-block-separator has-alpha-channel-opacity\"\/>\n\n\n\n<p><strong>Sobota 13 stycznia &#8211; RELACJA<\/strong><\/p>\n\n\n<figure class=\"wp-block-embed is-type-video is-provider-youtube wp-block-embed-youtube wp-embed-aspect-16-9 wp-has-aspect-ratio\">\n<div class=\"wp-block-embed__wrapper\">\n<div class='embed-container'><iframe loading=\"lazy\" title=\"XIV Og\u00f3lnopolski Przegl\u0105d Zespo\u0142\u00f3w i Grup Kol\u0119dniczych Dzie\u0144 I\" width=\"1920\" height=\"1080\" src=\"https:\/\/www.youtube.com\/embed\/WbNj9YXktBw?feature=oembed\" frameborder=\"0\" allow=\"accelerometer; autoplay; clipboard-write; encrypted-media; gyroscope; picture-in-picture; web-share\" referrerpolicy=\"strict-origin-when-cross-origin\" allowfullscreen><\/iframe><\/div>\n<\/div>\n<\/figure>\n\n\n<p><\/p>\n\n\n\n<p><strong>Niedziela 14 stycznia &#8211; RELACJA<\/strong><\/p>\n\n\n<figure class=\"wp-block-embed is-type-video is-provider-youtube wp-block-embed-youtube wp-embed-aspect-16-9 wp-has-aspect-ratio\">\n<div class=\"wp-block-embed__wrapper\">\n<div class='embed-container'><iframe loading=\"lazy\" title=\"XIV Og\u00f3lnopolski Przegl\u0105d Zespo\u0142\u00f3w i Grup Kol\u0119dniczych Dzie\u0144 II\" width=\"1920\" height=\"1080\" src=\"https:\/\/www.youtube.com\/embed\/JJ4YYe5mB9I?feature=oembed\" frameborder=\"0\" allow=\"accelerometer; autoplay; clipboard-write; encrypted-media; gyroscope; picture-in-picture; web-share\" referrerpolicy=\"strict-origin-when-cross-origin\" allowfullscreen><\/iframe><\/div>\n<\/div>\n<\/figure>\n\n\n<hr class=\"wp-block-separator has-alpha-channel-opacity\"\/>\n\n\n\n<p class=\"has-text-align-center\"><strong>Kolejno\u015b\u0107 wyst\u0119p\u00f3w zespo\u0142\u00f3w na Przegl\u0105dzie:<\/strong><\/p>\n\n\n\n<p class=\"has-text-align-left\">SOBOTA od godz. 12:00<\/p>\n\n\n\n<ol class=\"wp-block-list\">\n<li><strong>WERDEBUSY DOBCZYCKIE Szopka z Lalkami \u2013 Dobczyce<\/strong> (woj. ma\u0142opolskie)<\/li>\n\n\n\n<li><strong>ZESP\u00d3\u0141 CHRZANOWIANKI (w dw\u00f3ch kategoriach) \u2013 Chrzan\u00f3w (woj. lubelskie)<\/strong><\/li>\n\n\n\n<li><strong>GRUPA KOL\u0118DNICZO-TEATRALNA z Woli Sernickiej \u2013 gm. Serniki<\/strong> (woj. lubelskie)<\/li>\n\n\n\n<li><strong>ZAGRODZKA NUTA \u2013 Zagrody, gm. \u017byrzyn<\/strong> (woj. lubelskie)<\/li>\n\n\n\n<li><strong>ZESP\u00d3\u0141 CHRZANOWIANKI (w dw\u00f3ch kategoriach) \u2013 Chrzan\u00f3w (woj. lubelskie)<\/strong><\/li>\n\n\n\n<li><strong>M\u0141ODE ROZKOPACZEWIANKI \u2013 Rozkopaczew, gm. Ostr\u00f3w Lubelski<\/strong> (woj. lubelskie)<\/li>\n\n\n\n<li><strong>ZESP\u00d3\u0141 LUDOWY G\u00d3RNIACY<\/strong> (w dw\u00f3ch kategoriach) \u2013 <strong>Kolbuszowa G\u00f3rna, gm. Kolbuszowa<\/strong> (woj. podkarpackie)<\/li>\n\n\n\n<li><strong>ZESP\u00d3\u0141 OBRZ\u0118DOWY KURASIE Z LUBZINY<\/strong> \u2013 <strong>Lubzina, gm. Ropczyce<\/strong> (woj. podkarpackie)<\/li>\n\n\n\n<li><strong>WIELOPOKOLENIOWY ZESP\u00d3\u0141 REGIONALNY W\u0118GOJSKA STRU\u017bKA \u2013 W\u0119g\u00f3j, gm. Biskupiec <\/strong>(woj. warmi\u0144sko-mazurskie)<\/li>\n\n\n\n<li><strong>ZESP\u00d3\u0141 LUDOWY G\u00d3RNIACY<\/strong> (w dw\u00f3ch kategoriach) \u2013 <strong>Kolbuszowa G\u00f3rna, gm. Kolbuszowa<\/strong> (woj. podkarpackie)<\/li>\n\n\n\n<li><strong>HERODY Z \u0141AZOR \u2013 GCK Harasiuki<\/strong> (woj. podkarpackie)<\/li>\n\n\n\n<li><strong>M\u0118SKI ZESP\u00d3\u0141 \u015aPIEWACZY Z BUKOWEJ \u2013 gm. Bi\u0142goraj<\/strong> (woj. lubelskie)<\/li>\n\n\n\n<li><strong>GRUPA MUZYCZNA Z LUBLINA &#8211; Lublin<\/strong><\/li>\n<\/ol>\n\n\n\n<p>NIEDZIELA od godz. 10:00<\/p>\n\n\n\n<ol class=\"wp-block-list\">\n<li><strong>DYSOWIACY<\/strong> \u2013 <strong>Dys, gm. Niemce<\/strong> (woj. lubelskie)<\/li>\n\n\n\n<li><strong>WIELOPOKOLENIOWY ZESP\u00d3\u0141 REGIONALNY W\u0118GOJSKA STRU\u017bKA \u2013 W\u0119g\u00f3j, gm. Biskupiec <\/strong>(woj. warmi\u0144sko-mazurskie)<\/li>\n\n\n\n<li><strong>CZERNICZANKI \u2013 Czernic, gm. K\u0142oczew<\/strong> (woj. lubelskie)<\/li>\n\n\n\n<li><strong>ZESP\u00d3\u0141 \u015aPIEWACZY KAW\u0118CZYN \u2013 Kaw\u0119czyn, gm. K\u0142oczew<\/strong> (woj. lubelskie)<\/li>\n\n\n\n<li><strong>ZESP\u00d3\u0141 FACELIA \u2013 Wierzchowiska, GOK Modliborzyce<\/strong> (woj. lubelskie)<\/li>\n\n\n\n<li><strong>LUDOWY ZESP\u00d3\u0141 \u015aPIEWACZY ALEKSANDROWIACY \u2013 Aleksandr\u00f3w<\/strong> (woj. lubelskie)<\/li>\n\n\n\n<li><strong>ZESP\u00d3\u0141 \u015aPIEWACZY KUMOWIANKI \u2013 Kum\u00f3w Majoracki, gm. Le\u015bniowice<\/strong> (woj. lubelskie)<\/li>\n\n\n\n<li><strong>ZESP\u00d3\u0141 \u015aPIEWACZY KALENIANKA<\/strong> \u2013 <strong>Kale\u0144 Drugi, gm. Sobolew<\/strong> (woj. mazowieckie)<\/li>\n\n\n\n<li><strong>M\u0118SKI ZESP\u00d3\u0141 \u015aPIEWACZY MAJDANIACY \u2013 Majdan-Obleszcze, gm. Szastarka<\/strong> (woj. lubelskie)<\/li>\n\n\n\n<li><strong>POLESKA GRUPA KOL\u0118DNICZA Z ZESPO\u0141U KRESOWIANKI \u2013 W\u0142odawa<\/strong> (woj. lubelskie)<\/li>\n\n\n\n<li><strong>KOCUDZANKI \u2013 Kocudza, gm. Dzwola<\/strong> (woj. lubelskie)<\/li>\n\n\n\n<li><strong>MARIANKI \u2013 Kocudza, gm. Dzwola <\/strong>(woj. lubelskie)<\/li>\n\n\n\n<li><strong>SO\u0141ECTW SONG<\/strong> \u2013<strong> Bychawa<\/strong> (woj. lubelskie)<\/li>\n\n\n\n<li><strong>ROZTOCZANKI \u2013 Branew, gm. Dzwola <\/strong>(woj. lubelskie)<\/li>\n\n\n\n<li><strong><s>LUBELSKIE BABIE LATO &#8211; Lublin<\/s><\/strong><\/li>\n\n\n\n<li><strong>LUBELSKA ORKIESTRA RODZINNA &#8211; Lublin<\/strong><\/li>\n<\/ol>\n\n\n<p class=\"has-text-align-center\"><img decoding=\"async\" src=\"https:\/\/www.dklsm.pl\/wp-content\/uploads\/2023\/12\/XIV-Ogolnopolski-Przeglad-Koledniczy_PLAKAT_godz-scaled.jpg\" width=\"750\"><\/p>\n\n\n<p class=\"has-text-align-right\"><span style=\"font-size: 12px; margin: 200px; color: #969b9d;\">Gwiazd\u0119 wykorzystan\u0105 w projekcie plakatu wykona\u0142 <strong>Bartosz Siwek<\/strong><\/span><\/p>\n\n\n\n<hr class=\"wp-block-separator has-alpha-channel-opacity\"\/>\n\n\n\n<hr class=\"wp-block-separator has-alpha-channel-opacity\"\/>\n\n\n\n<p><\/p>\n\n\n\n<p class=\"has-text-align-center\"><strong><em>Dzi\u0119kujemy za zg\u0142oszenia.<\/em><\/strong><\/p>\n\n\n\n<p class=\"has-text-align-center\"><strong>LISTA ZESPO\u0141\u00d3W ZG\u0141OSZONYCH DO PRZEGL\u0104DU <\/strong>( wg. kolejno\u015bci zg\u0142oszenia)  :<\/p>\n\n\n\n<ul class=\"wp-block-list\">\n<li><strong>GALICJANKI Z ROZTOCZA &#8211; Narol<\/strong> (woj. podkarpackie)<\/li>\n\n\n\n<li><strong>M\u0118SKI ZESP\u00d3\u0141 \u015aPIEWACZY Z BUKOWEJ \u2013 gm. Bi\u0142goraj<\/strong> (woj. lubelskie)<\/li>\n\n\n\n<li><strong>ZAGRODZKA NUTA &#8211; Zagrody, gm. \u017byrzyn<\/strong> (woj. lubelskie)<\/li>\n\n\n\n<li><strong>GRUPA KOL\u0118DNICZO-TEATRALNA z Woli Sernickiej \u2013 gm. Serniki<\/strong> (woj. lubelskie)<\/li>\n\n\n\n<li><strong>POLESKA GRUPA KOL\u0118DNICZA Z ZESPO\u0141U KRESOWIANKI \u2013 W\u0142odawa<\/strong> (woj. lubelskie)<\/li>\n\n\n\n<li><strong>WERDEBUSY DOBCZYCKIE Szopka z Lalkami \u2013 Dobczyce<\/strong> (woj. ma\u0142opolskie)<\/li>\n\n\n\n<li><strong>ZESP\u00d3\u0141 CHRZANOWIANKI <\/strong>(w dw\u00f3ch kategoriach)<strong> \u2013 Chrzan\u00f3w<\/strong> (woj. lubelskie)<\/li>\n\n\n\n<li><strong>LUDOWY ZESP\u00d3\u0141 \u015aPIEWACZY ALEKSANDROWIACY \u2013 Aleksandr\u00f3w<\/strong> (woj. lubelskie)<\/li>\n\n\n\n<li><strong>CZERNICZANKI \u2013 Czernic, gm. K\u0142oczew<\/strong> (woj. lubelskie)<\/li>\n\n\n\n<li><strong>HERODY Z \u0141AZOR \u2013 GCK Harasiuki<\/strong> (woj. podkarpackie)<\/li>\n\n\n\n<li><strong>ZESP\u00d3\u0141 \u015aPIEWACZY KUMOWIANKI &#8211; Kum\u00f3w Majoracki, gm. Le\u015bniowice<\/strong> (woj. lubelskie)<\/li>\n\n\n\n<li><strong>M\u0141ODE ROZKOPACZEWIANKI \u2013 Rozkopaczew, gm. Ostr\u00f3w Lubelski<\/strong> (woj. lubelskie)<\/li>\n\n\n\n<li><strong>ZESP\u00d3\u0141 \u015aPIEWACZY KAW\u0118CZYN \u2013 Kaw\u0119czyn, gm. K\u0142oczew<\/strong> (woj. lubelskie)<\/li>\n\n\n\n<li><strong>ZESP\u00d3\u0141 FACELIA \u2013 Wierzchowiska, GOK Modliborzyce<\/strong> (woj. lubelskie)<\/li>\n\n\n\n<li><strong>WIELOPOKOLENIOWY ZESP\u00d3\u0141 REGIONALNY W\u0118GOJSKA STRU\u017bKA <\/strong>(w dw\u00f3ch kategoriach)<strong> \u2013 W\u0119g\u00f3j, gm. Biskupiec <\/strong>(woj. warmi\u0144sko-mazurskie)<\/li>\n\n\n\n<li><strong>KOCUDZANKI \u2013 Kocudza, gm. Dzwola<\/strong> (woj. lubelskie)<\/li>\n\n\n\n<li><strong>MARIANKI \u2013 Kocudza, gm. Dzwola <\/strong>(woj. lubelskie)<\/li>\n\n\n\n<li><strong>ROZTOCZANKI \u2013 Branew, gm. Dzwola <\/strong>(woj. lubelskie)<\/li>\n\n\n\n<li><strong>SO\u0141ECTW SONG<\/strong> &#8211;<strong> Bychawa<\/strong> (woj. lubelskie)<\/li>\n\n\n\n<li><strong>DYSOWIACY<\/strong> &#8211; <strong>Dys, gm. Niemce<\/strong> (woj. lubelskie)<\/li>\n\n\n\n<li><strong>ZESP\u00d3\u0141 \u015aPIEWACZY KALENIANKA<\/strong> &#8211; <strong>Kale\u0144 Drugi, gm. Sobolew<\/strong> (woj. mazowieckie)<\/li>\n\n\n\n<li><strong>ZESP\u00d3\u0141 LUDOWY G\u00d3RNIACY<\/strong> (w dw\u00f3ch kategoriach) &#8211; <strong>Kolbuszowa G\u00f3rna, gm. Kolbuszowa<\/strong> (woj. podkarpackie)<\/li>\n\n\n\n<li><strong>M\u0118SKI ZESP\u00d3\u0141 \u015aPIEWACZY MAJDANIACY &#8211; Majdan-Obleszcze, gm. Szastarka<\/strong> (woj. lubelskie)<\/li>\n\n\n\n<li><strong>ZESP\u00d3\u0141 OBRZ\u0118DOWY KURASIE Z LUBZINY<\/strong> &#8211; <strong>Lubzina, gm. Ropczyce<\/strong> (woj. podkarpackie)<\/li>\n\n\n\n<li><strong>GRUPA MUZYCZNA Z LUBLINA &#8211; Lublin<\/strong><\/li>\n\n\n\n<li><strong>LUBELSKIE BABIE LATO &#8211; Lublin<\/strong><\/li>\n\n\n\n<li><strong>LUBELSKA ORKIESTRA RODZINNA &#8211; Lublin<\/strong><\/li>\n<\/ul>\n\n\n\n<p class=\"has-text-align-center\"><\/p>\n\n\n\n<p class=\"has-text-align-center\">***<\/p>\n\n\n\n<h2 class=\"wp-block-heading\">Szanowni Pa\u0144stwo<\/h2>\n\n\n\n<h3 class=\"wp-block-heading\">Stowarzyszenie \u201eNasz Piast\u201d w Lublinie po raz XIV organizuje Og\u00f3lnopolski Przegl\u0105d Zespo\u0142\u00f3w i Grup Kol\u0119dniczych. Przegl\u0105d odb\u0119dzie si\u0119 w dniach 13-14 stycznia 2024 r. w Domu Kultury LSM w Lublinie.<\/h3>\n\n\n\n<p>Przegl\u0105d ci\u0105gle si\u0119 rozwija, przyje\u017cd\u017caj\u0105 co rocznie zespo\u0142y z interesuj\u0105cymi programami, cieszy to nas, gdy\u017c stanowi dow\u00f3d rosn\u0105cego presti\u017cu tego wydarzenia kulturalnego.<\/p>\n\n\n\n<p>Podejmujemy r\u00f3\u017cnorodne dzia\u0142ania, aby jak najlepiej przyj\u0105\u0107 i ugo\u015bci\u0107 Pa\u0144stwa. Wprowadzona w&nbsp;ubieg\u0142ym roku nagroda im. Zdzis\u0142awa Podka\u0144skiego b\u0119dzie wr\u0119czana przez kolejne edycje programu. Jej wysoko\u015b\u0107 to minimum dwukrotno\u015b\u0107 nagrody za pierwsze miejsce w&nbsp;konkursie za&nbsp;przedstawienie kol\u0119dnicze. Zesp\u00f3\u0142 nagradzaj\u0105cy wybiera jury.<\/p>\n\n\n\n<p>Corocznie przyje\u017cd\u017ca na przegl\u0105d oko\u0142o 15 zespo\u0142\u00f3w spoza wojew\u00f3dztwa lubelskiego, niejednokrotnie s\u0105 to jedyne odwiedziny w naszym mie\u015bcie, ale s\u0105 te\u017c zespo\u0142y z naszego rejonu, kt\u00f3re mieszkaj\u0105 w odleg\u0142o\u015bci 100 km od Lublina i oni te\u017c nie maj\u0105 wielu okazji, aby tu bywa\u0107. Chcemy przybli\u017cy\u0107 tym ludziom. Proponujemy zwiedzanie Lublina jednemu zespo\u0142owi w sobot\u0119 i&nbsp;jednemu w niedziele. tj 13-14 stycznia 2024 r. Zainteresowanych prosimy o zg\u0142aszanie si\u0119 na adres <a href=\"mailto:cz.warda@interia.pl\">cz.warda@interia.pl<\/a><\/p>\n\n\n\n<p>Zespo\u0142y zakwalifikowane do zwiedzania powinny by\u0107 w Domu Kultury LSM o godz. 9:30 i po spo\u017cyciu drobnego pocz\u0119stunku wraz z przewodnikiem op\u0142aconym przez stowarzyszenie uda\u0107 si\u0119&nbsp;do zwiedzania Lublina.<\/p>\n\n\n\n<p>Jak wspomnia\u0142em, przegl\u0105d jest wydarzeniem jeszcze m\u0142odym rozwijaj\u0105cym si\u0119 i \u017cywym, a&nbsp;ludzie niestety odchodz\u0105. Rok temu \u017cegnali\u015bmy Zdzis\u0142awa Podka\u0144skiego, ten rok to tragiczne odej\u015bcie zaledwie 28-letniego Piotra Kuli lidera zespo\u0142u \u201eLudowa Szopka z Lalkami\u201d i nadzieja naszego stowarzyszenia na wsp\u00f3\u0142pracownika, a w przysz\u0142o\u015bci organizatora kolejnych edycji przegl\u0105du. Dla uczczenia jego pami\u0119ci w sobot\u0119 13 stycznia 2024 w ko\u015bciele pod wezwaniem \u015aw.&nbsp;J\u00f3zefa w Lublinie odleg\u0142ego oko\u0142o 300 m od Domu Kultury zostanie odprawiona msza \u015bw. za&nbsp;zmar\u0142ego, na kt\u00f3r\u0105 wszystkich serdecznie zapraszamy.<\/p>\n\n\n\n<p>Dzie\u0144 13 stycznia 2024 r. to dzie\u0144 pami\u0119ci o Piotrze Kuli, prosimy, aby tego dnia wyst\u0119powa\u0142y na przegl\u0105dzie tylko zespo\u0142y z widowiskami kol\u0119dniczymi.<\/p>\n\n\n\n<p>Od XIV przegl\u0105du b\u0119dzie te\u017c ma\u0142a zmiana organizacyjna, ot\u00f3\u017c nie b\u0119dziemy podawali godziny wyst\u0119powania zespo\u0142u, ale tylko kolejno\u015b\u0107. Umo\u017cliwi to ci\u0105g\u0142o\u015b\u0107 przegl\u0105du. Nadto prosimy, aby&nbsp;pobyt zespo\u0142u nie ogranicza\u0142 si\u0119 tylko do czasu wyst\u0119pu. Obejrzenie wyst\u0119p\u00f3w innych zespo\u0142\u00f3w to&nbsp;przecie\u017c mo\u017cliwo\u015b\u0107 ocen i por\u00f3wnania.<\/p>\n\n\n\n<p><p>R\u00f3wnocze\u015bnie udost\u0119pniamy:<\/p>\n<p> <a href=\"https:\/\/www.dklsm.pl\/wp-content\/uploads\/2023\/11\/Regulamin-XIV-Ogolnopolskiego-Przegladu-Zespolow-i-Grup-Koedniczych-2024-r.pdf\" data-type=\"link\" data-id=\"https:\/\/www.dklsm.pl\/wp-content\/uploads\/2023\/11\/Regulamin-XIV-Ogolnopolskiego-Przegladu-Zespolow-i-Grup-Koedniczych-2024-r.pdf\" target=\"_blank\" rel=\"noreferrer noopener\"><strong>Regulamin<\/strong><\/a><\/p>\n<p> i <a href=\"https:\/\/www.dklsm.pl\/wp-content\/uploads\/2023\/11\/Karta-zgloszenia-do-XIV-Ogolnopolskiego-Przegladu-Zespolow-i-Grup-Koledniczych-2024-r.pdf\" target=\"_blank\" rel=\"noreferrer noopener\"><strong>Kart\u0119 Uczestnictwa<\/strong>.<\/a><\/p><\/p>\n\n\n\n<p>Prosimy o zg\u0142aszanie udzia\u0142u w Przegl\u0105dzie.<\/p>\n\n\n\n<p class=\"ticss-2c178c2f\"><strong>Zg\u0142oszenia s\u0105 przyjmowane wzorem lat ubieg\u0142ych przez Dom Kultury LSM \u2013 <span style=\"color: #852020\">info@dklsm.pl<\/span><\/strong><\/p>\n\n\n\n<p class=\"has-text-align-right\"><strong><em>Prezes<br>Czes\u0142aw Warda<\/em><\/strong><\/p>\n\n\n<p class=\"has-text-align-center\"><img decoding=\"async\" src=\"https:\/\/www.dklsm.pl\/wp-content\/uploads\/2023\/12\/XIV-Ogolnopolski-Przeglad-Koledniczy_PLAKAT_godz-scaled.jpg\" width=\"750\"><\/p>\n\n\n<p class=\"has-text-align-right\"><\/p>\n","protected":false},"excerpt":{"rendered":"<p>XIV Og\u00f3lnopolski Przegl\u0105d Zespo\u0142\u00f3w i Grup Kol\u0119dniczych 13-14 stycznia 2024 r. Partnerem Wydarzenia jest Wojew\u00f3dztwo Lubelskie \u201eLubelskie. Smakuj \u017bycie!\u201d *** Program: 13 stycznia (sobota) &#8211; godz. 10:00 &#8211; msza \u015bw. w ko\u015bciele pw. \u015bw. J\u00f3zefa przy ul. Filaret\u00f3w w Lublinie w intencji zmar\u0142ego Piotra Kuli lidera Grupy Kol\u0119dniczej Szopka z Lalkami . &#8211; godz. 11:30&hellip; <br \/> <a class=\"read-more\" href=\"https:\/\/www.naszpiast.pl\/?page_id=1392\">Dowiedz si\u0119 wi\u0119cej<\/a><\/p>\n","protected":false},"author":1,"featured_media":1249,"parent":362,"menu_order":0,"comment_status":"closed","ping_status":"closed","template":"","meta":{"_themeisle_gutenberg_block_has_review":false,"footnotes":""},"class_list":["post-1392","page","type-page","status-publish","has-post-thumbnail","hentry"],"_links":{"self":[{"href":"https:\/\/www.naszpiast.pl\/index.php?rest_route=\/wp\/v2\/pages\/1392","targetHints":{"allow":["GET"]}}],"collection":[{"href":"https:\/\/www.naszpiast.pl\/index.php?rest_route=\/wp\/v2\/pages"}],"about":[{"href":"https:\/\/www.naszpiast.pl\/index.php?rest_route=\/wp\/v2\/types\/page"}],"author":[{"embeddable":true,"href":"https:\/\/www.naszpiast.pl\/index.php?rest_route=\/wp\/v2\/users\/1"}],"replies":[{"embeddable":true,"href":"https:\/\/www.naszpiast.pl\/index.php?rest_route=%2Fwp%2Fv2%2Fcomments&post=1392"}],"version-history":[{"count":1,"href":"https:\/\/www.naszpiast.pl\/index.php?rest_route=\/wp\/v2\/pages\/1392\/revisions"}],"predecessor-version":[{"id":1393,"href":"https:\/\/www.naszpiast.pl\/index.php?rest_route=\/wp\/v2\/pages\/1392\/revisions\/1393"}],"up":[{"embeddable":true,"href":"https:\/\/www.naszpiast.pl\/index.php?rest_route=\/wp\/v2\/pages\/362"}],"wp:featuredmedia":[{"embeddable":true,"href":"https:\/\/www.naszpiast.pl\/index.php?rest_route=\/wp\/v2\/media\/1249"}],"wp:attachment":[{"href":"https:\/\/www.naszpiast.pl\/index.php?rest_route=%2Fwp%2Fv2%2Fmedia&parent=1392"}],"curies":[{"name":"wp","href":"https:\/\/api.w.org\/{rel}","templated":true}]}}