{"id":249,"date":"2021-07-26T18:00:08","date_gmt":"2021-07-26T16:00:08","guid":{"rendered":"http:\/\/www.naszpiast.pl\/?page_id=249"},"modified":"2021-08-19T12:28:11","modified_gmt":"2021-08-19T10:28:11","slug":"kultura-ludowa-lubelszczyzny","status":"publish","type":"page","link":"https:\/\/www.naszpiast.pl\/?page_id=249","title":{"rendered":"Kultura ludowa Lubelszczyzny"},"content":{"rendered":"\n<p><strong>W grudniu 2020 roku ukaza\u0142 si\u0119 obszerny tom artyku\u0142\u00f3w po\u015bwi\u0119conych \u201eKulturze ludowej Lubelszczyzny\u201d pod redakcj\u0105 naukow\u0105 prof. Jana Adamowskiego przy wsp\u00f3\u0142udziale Zdzis\u0142awa Podka\u0144skiego.<\/strong><\/p>\n\n\n\n<p>Tom gromadzi teksty wybitnych przedstawicieli nauk humanistycznych i kulturoznawczych \u2013 uczestnik\u00f3w sympozjum po\u015bwi\u0119conego kulturze ludowej Lubelszczyzny, kt\u00f3re odby\u0142o si\u0119 w Lublinie w roku 2018.<\/p>\n\n\n\n<p>Teksty zogniskowane s\u0105 wok\u00f3\u0142 refleksji nad stanem i warto\u015bciami, jakie w r\u00f3\u017cnych swoich zakresach (kultury materialnej, duchowej i spo\u0142ecznej) niesie kultura ludowa Lubelszczyzny.<\/p>\n\n\n\n<p>To jedno z najbardziej wszechstronnych \u017ar\u00f3de\u0142 tej\u017ce refleksji, poniewa\u017c teksty zawarte w tym tomie obejmuj\u0105 zjawiska j\u0119zykoznawcze, muzykologiczne, kulturoznawcze z zakresu obrz\u0119dowo\u015bci, wierze\u0144, stroj\u00f3w, zwyczaj\u00f3w, kultury sto\u0142u, a tak\u017ce og\u00f3lne zagadnienia natury historycznej i socjologicznej wa\u017cne dla regionu lubelskiego.<\/p>\n\n\n\n<pre class=\"wp-block-preformatted\">Wydawnictwo Stowarzyszenia \u201eNasz Piast\u201d,<br>Druk, sk\u0142ad, \u0142amanie \u2013 Wydawnictwo Norbertinum w Lublinie,<br>s. 346, ilustracje.<\/pre>\n\n\n\n<div class=\"wp-block-columns are-vertically-aligned-top is-layout-flex wp-container-core-columns-is-layout-9d6595d7 wp-block-columns-is-layout-flex\">\n<div class=\"wp-block-column is-vertically-aligned-top is-layout-flow wp-block-column-is-layout-flow\">\n<figure class=\"wp-block-image size-large\"><img loading=\"lazy\" decoding=\"async\" width=\"719\" height=\"1024\" src=\"https:\/\/www.naszpiast.pl\/wp-content\/uploads\/2021\/08\/Kultura-ludowa-Lubelszczyzny-okladka-768x1094-1-719x1024.jpg\" alt=\"\" class=\"wp-image-391\" srcset=\"https:\/\/www.naszpiast.pl\/wp-content\/uploads\/2021\/08\/Kultura-ludowa-Lubelszczyzny-okladka-768x1094-1-719x1024.jpg 719w, https:\/\/www.naszpiast.pl\/wp-content\/uploads\/2021\/08\/Kultura-ludowa-Lubelszczyzny-okladka-768x1094-1-211x300.jpg 211w, https:\/\/www.naszpiast.pl\/wp-content\/uploads\/2021\/08\/Kultura-ludowa-Lubelszczyzny-okladka-768x1094-1-758x1080.jpg 758w, https:\/\/www.naszpiast.pl\/wp-content\/uploads\/2021\/08\/Kultura-ludowa-Lubelszczyzny-okladka-768x1094-1.jpg 768w\" sizes=\"auto, (max-width: 719px) 100vw, 719px\" \/><\/figure>\n<\/div>\n\n\n\n<div class=\"wp-block-column is-vertically-aligned-top is-layout-flow wp-block-column-is-layout-flow\">\n<blockquote class=\"wp-block-quote ticss-48947b50 is-layout-flow wp-block-quote-is-layout-flow\"><p> Prezentowane wydawnictwo intencjonalnie chce s\u0142u\u017cy\u0107 jak najszerszemu gronu czytelnik\u00f3w zainteresowanych pog\u0142\u0119bieniem swojej wiedzy na temat tradycyjnej kultury lubelskiego regionu. Zatem bezpo\u015brednimi adresatami publikacji s\u0105 nie tylko nauczyciele, regionali\u015bci, szeroko rozumiani badacze, ale tak\u017ce studenci czy nawet uczniowie i&nbsp;mi\u0142o\u015bnicy narodowych tradycji. Chcemy te\u017c czytelnikowi z&nbsp;innych obszar\u00f3w kraju zaprezentowa\u0107 podstawowe warto\u015bci tradycji kulturowych Lubelszczyzny. Powy\u017cszemu za\u0142o\u017ceniu s\u0142u\u017cy te\u017c kompozycja tomu. Poszczeg\u00f3lne jego rozdzia\u0142y i&nbsp;artyku\u0142y omawiaj\u0105 r\u00f3\u017cne zakresy tematyczne. Tom rozpoczyna refleksja na tematy og\u00f3lne. Swojego rodzaju wst\u0119p stanowi tu wypowied\u017a Ryszarda Szczyg\u0142a, kt\u00f3ry przedstawia proces kszta\u0142towania si\u0119 Lubelszczyzny jako regionu historycznego. Kolejno \u2013 Stanis\u0142awa Niebrzegowska-Bartmi\u0144ska podj\u0119\u0142a kwesti\u0119 warto\u015bci przynale\u017cnych etosowi ch\u0142opskiemu, a&nbsp;Halina Pelc kre\u015bli og\u00f3lny obraz lubelskich gwar. <\/p><\/blockquote>\n\n\n\n<figure class=\"wp-block-image size-full\"><img loading=\"lazy\" decoding=\"async\" width=\"1024\" height=\"457\" src=\"https:\/\/www.naszpiast.pl\/wp-content\/uploads\/2021\/08\/VIII-Ogolnopolski-Przeglad-Zespolow-i-Grup-Koledniczych_-2018-15-fot-Marek-Dybek-1024x457-1.jpg\" alt=\"\" class=\"wp-image-409\" srcset=\"https:\/\/www.naszpiast.pl\/wp-content\/uploads\/2021\/08\/VIII-Ogolnopolski-Przeglad-Zespolow-i-Grup-Koledniczych_-2018-15-fot-Marek-Dybek-1024x457-1.jpg 1024w, https:\/\/www.naszpiast.pl\/wp-content\/uploads\/2021\/08\/VIII-Ogolnopolski-Przeglad-Zespolow-i-Grup-Koledniczych_-2018-15-fot-Marek-Dybek-1024x457-1-300x134.jpg 300w, https:\/\/www.naszpiast.pl\/wp-content\/uploads\/2021\/08\/VIII-Ogolnopolski-Przeglad-Zespolow-i-Grup-Koledniczych_-2018-15-fot-Marek-Dybek-1024x457-1-768x343.jpg 768w\" sizes=\"auto, (max-width: 1024px) 100vw, 1024px\" \/><\/figure>\n<\/div>\n<\/div>\n\n\n\n<blockquote class=\"wp-block-quote is-layout-flow wp-block-quote-is-layout-flow\"><p>Dalsze grupy zagadnie\u0144 rozwijaj\u0105 nast\u0119pne rozdzia\u0142y. I\u00a0tak: jest dzia\u0142 po\u015bwi\u0119cony folklorowi \u2013 s\u0142ownemu i\u00a0muzycznemu, w\u00a0kt\u00f3rym Jerzy Bartmi\u0144ski omawia zagadnienie \u017cycia pie\u015bni ludowych, a\u00a0Marta W\u00f3jcicka zaj\u0119\u0142a si\u0119 gatunkami prozy, z\u00a0kolei Piotr Dahlig przedstawia specyfik\u0119 tradycji muzycznych\u00a0Lubelszczyzny. W\u00a0nast\u0119pnej kolejno\u015bci grupa autor\u00f3w omawia zagadnienia obrz\u0119dowo\u015bci: dorocznej \u2013 Jan Adamowski i\u00a0Zdzis\u0142aw Kupisi\u0144ski oraz rodzinnej \u2013 Beata Maksymiuk, za\u015b Agnieszka Ko\u015bciuk-Jarosz zarysowuje potrzeb\u0119 badania obrz\u0119dowo\u015bci miasta Lublina. S\u0105 te\u017c artyku\u0142y po\u015bwi\u0119cone plastyce obrz\u0119dowej \u2013 Katarzyna Kraczo\u0144, strojom ludowym naszego regionu \u2013 El\u017cbieta Piskorz-Branekowa oraz potrawom z\u00a0lubelskiej kuchni ch\u0142opskiej \u2013 Mariola Tymochowicz. W\u00a0osobnym rozdziale prezentujemy wschodnie pogranicze j\u0119zykowo- kulturowe. Autorami odpowiednich artyku\u0142\u00f3w s\u0105 tu: Feliks Czy\u017cewski, kt\u00f3ry przedstawia refleksje oparte g\u0142\u00f3wnie na materiale j\u0119zykowym, a\u00a0Agnieszka Szokaluk-Gorczyca analizuje kwestie pograniczno\u015bci w\u00a0kontek\u015bcie bada\u0144 cmentarzy chrze\u015bcija\u0144stwa wschodniego. Cz\u0119\u015b\u0107 merytoryczn\u0105 tomu zamykaj\u0105 teksty omawiaj\u0105ce dzia\u0142ania struktur instytucjonalnych i\u00a0spo\u0142ecznych na rzecz ochrony i\u00a0upowszechniania wiedzy i\u00a0warto\u015bci lubelskiej, ale i\u00a0og\u00f3lnopolskiej kultury ludowej. Mamy tu wypowiedzi na temat mecenatu pa\u0144stwa \u2013 Zdzis\u0142aw Podka\u0144ski, roli towarzystw regionalnych \u2013 Janina Biegalska, Stowarzyszenia Tw\u00f3rc\u00f3w Ludowych \u2013 Pawe\u0142 Onochin czy dzia\u0142alno\u015bci CEPELII \u2013 Jan W\u0142ostowski. Publikacj\u0119 zwie\u0144cza zestaw fotografii dokumentuj\u0105cych lubelski Og\u00f3lnopolski Przegl\u0105d Zespo\u0142\u00f3w i\u00a0Grup Kol\u0119dniczych.<\/p><\/blockquote>\n\n\n\n<div class=\"wp-block-image is-style-rounded\"><figure class=\"aligncenter size-full\"><img loading=\"lazy\" decoding=\"async\" width=\"1024\" height=\"457\" src=\"https:\/\/www.naszpiast.pl\/wp-content\/uploads\/2021\/08\/VIII-Ogolnopolski-Przeglad-Zespolow-i-Grup-Koledniczych_-2018-16-fot-Marek-Dybek-1024x457-1.jpg\" alt=\"\" class=\"wp-image-414\" srcset=\"https:\/\/www.naszpiast.pl\/wp-content\/uploads\/2021\/08\/VIII-Ogolnopolski-Przeglad-Zespolow-i-Grup-Koledniczych_-2018-16-fot-Marek-Dybek-1024x457-1.jpg 1024w, https:\/\/www.naszpiast.pl\/wp-content\/uploads\/2021\/08\/VIII-Ogolnopolski-Przeglad-Zespolow-i-Grup-Koledniczych_-2018-16-fot-Marek-Dybek-1024x457-1-300x134.jpg 300w, https:\/\/www.naszpiast.pl\/wp-content\/uploads\/2021\/08\/VIII-Ogolnopolski-Przeglad-Zespolow-i-Grup-Koledniczych_-2018-16-fot-Marek-Dybek-1024x457-1-768x343.jpg 768w\" sizes=\"auto, (max-width: 1024px) 100vw, 1024px\" \/><\/figure><\/div>\n\n\n\n<blockquote class=\"wp-block-quote is-layout-flow wp-block-quote-is-layout-flow\"><p>Ta ostania informacja jest tak\u017ce o\u00a0tyle wa\u017cna, \u017ce odnosi si\u0119 do podstawowych inspiracji zwi\u0105zanych z\u00a0pomys\u0142em i\u00a0realizacj\u0105 naszej publikacji. Mo\u017cna powiedzie\u0107, \u017ce na pocz\u0105tku by\u0142 pomys\u0142 Zdzis\u0142awa Podka\u0144skiego, aby systematycznie w\u00a0okresie Bo\u017cego Narodzenia organizowa\u0107 przegl\u0105d kol\u0119dniczy. Dzi\u0119ki niemu i\u00a0zebranemu wok\u00f3\u0142 tej idei zespo\u0142owi, w\u00a0tym dzia\u0142aczom Stowarzyszenia \u201eNasz Piast\u201d i\u00a0pracownikom Domu Kultury Lubelskiej Sp\u00f3\u0142dzielni Mieszkaniowej \u2013 gospodarzom Przegl\u0105du, lubelskie kol\u0119dowanie odbywa si\u0119 dorocznie, a\u00a0przy okazji ma\u0142ego jubileuszu, to jest jego \u00f3smej edycji, zosta\u0142o te\u017c zorganizowane dwudniowe seminarium po\u015bwi\u0119cone refleksji nad stanem i\u00a0warto\u015bciami, jakie w\u00a0r\u00f3\u017cnych swoich zakresach (kultura materialna, duchowa i\u00a0spo\u0142eczna) niesie kultura ludowa\u00a0Lubelszczyzny. Znaczna cz\u0119\u015b\u0107 artyku\u0142\u00f3w ma swoj\u0105 genez\u0119 w\u00a0tamtym spotkaniu. Nale\u017cy jednak zaznaczy\u0107, \u017ce publikowane tu teksty s\u0105 opracowaniami oryginalnymi, znacznie pog\u0142\u0119bionymi i\u00a0rozszerzonymi, a\u00a0w\u00a0wielu przypadkach \u2013 nawet istotnie zmienionymi. Ponadto do tomu w\u0142\u0105czono te\u017c artyku\u0142y dodatkowe. W\u00a0ten spos\u00f3b publikacja stanowi opracowanie o\u00a0charakterze monograficznym i\u00a0jednocze\u015bnie jest to swoiste i\u00a0ca\u0142o\u015bciowe kompendium wiedzy o\u00a0bogatych i\u00a0zr\u00f3\u017cnicowanych tradycjach kulturowych charakterystycznych dla obszar\u00f3w\u00a0Lubelszczyzny\u2026<\/p><\/blockquote>\n\n\n\n<p class=\"has-text-align-right\"><strong><em><span style=\"color:#73310b\" class=\"has-inline-color\">Jan Adamowski<\/span><\/em><\/strong><\/p>\n\n\n\n<pre class=\"wp-block-preformatted ticss-bb611779\"><div style=\"color: #73310b; text-align: right;\">Wst\u0119p od redaktora\nw \u201eKultura ludowa lubelszczyzny\u201d,\nWyd. NORBERTINUM, Lublin 2020, s. 3-5<\/div><\/pre>\n\n\n\n<p class=\"has-text-align-center\">Ksi\u0105\u017cka \u201eKultura ludowa\u00a0Lubelszczyzny\u201d ukaza\u0142a si\u0119 dzi\u0119ki wsparciu finansowemu<br>Departamentu Promocji, Sportu i Turystyki Urz\u0119du Marsza\u0142kowskiego Wojew\u00f3dztwa Lubelskiego<\/p>\n\n\n\n<div class=\"wp-block-image\"><figure class=\"aligncenter size-full\"><img loading=\"lazy\" decoding=\"async\" width=\"223\" height=\"96\" src=\"https:\/\/www.naszpiast.pl\/wp-content\/uploads\/2021\/08\/elka_podstawowa_pl-400x175-1.jpg\" alt=\"\" class=\"wp-image-418\"\/><\/figure><\/div>\n\n\n\n<figure class=\"wp-block-embed is-type-video is-provider-youtube wp-block-embed-youtube wp-embed-aspect-16-9 wp-has-aspect-ratio\"><div class=\"wp-block-embed__wrapper\">\n<div class='embed-container'><iframe loading=\"lazy\" title=\"DOM KULTURY LSM - JAN ADAMOWSKI - SPOTKANIE AUTORSKIE - LUBLIN\" width=\"1920\" height=\"1080\" src=\"https:\/\/www.youtube.com\/embed\/QbRxqjeF2kM?feature=oembed\" frameborder=\"0\" allow=\"accelerometer; autoplay; clipboard-write; encrypted-media; gyroscope; picture-in-picture\" allowfullscreen><\/iframe><\/div>\n<\/div><figcaption><strong>Spotkanie popularnonaukowe i promocja ksi\u0105\u017cki \u201eKultura ludowa Lubelszczyzny\u201d &#8211; Dom Kultury LSM, 18 grudnia 2020 r. <\/strong>&#8211; realizacja Zenon Krawczyk   <\/figcaption><\/figure>\n\n\n\n<p><\/p>\n","protected":false},"excerpt":{"rendered":"<p>W grudniu 2020 roku ukaza\u0142 si\u0119 obszerny tom artyku\u0142\u00f3w po\u015bwi\u0119conych \u201eKulturze ludowej Lubelszczyzny\u201d pod redakcj\u0105 naukow\u0105 prof. Jana Adamowskiego przy wsp\u00f3\u0142udziale Zdzis\u0142awa Podka\u0144skiego. Tom gromadzi teksty wybitnych przedstawicieli nauk humanistycznych i kulturoznawczych \u2013 uczestnik\u00f3w sympozjum po\u015bwi\u0119conego kulturze ludowej Lubelszczyzny, kt\u00f3re odby\u0142o si\u0119 w Lublinie w roku 2018. Teksty zogniskowane s\u0105 wok\u00f3\u0142 refleksji nad stanem i&hellip; <br \/> <a class=\"read-more\" href=\"https:\/\/www.naszpiast.pl\/?page_id=249\">Dowiedz si\u0119 wi\u0119cej<\/a><\/p>\n","protected":false},"author":2,"featured_media":420,"parent":0,"menu_order":0,"comment_status":"closed","ping_status":"closed","template":"","meta":{"_themeisle_gutenberg_block_has_review":false,"footnotes":""},"class_list":["post-249","page","type-page","status-publish","has-post-thumbnail","hentry"],"_links":{"self":[{"href":"https:\/\/www.naszpiast.pl\/index.php?rest_route=\/wp\/v2\/pages\/249","targetHints":{"allow":["GET"]}}],"collection":[{"href":"https:\/\/www.naszpiast.pl\/index.php?rest_route=\/wp\/v2\/pages"}],"about":[{"href":"https:\/\/www.naszpiast.pl\/index.php?rest_route=\/wp\/v2\/types\/page"}],"author":[{"embeddable":true,"href":"https:\/\/www.naszpiast.pl\/index.php?rest_route=\/wp\/v2\/users\/2"}],"replies":[{"embeddable":true,"href":"https:\/\/www.naszpiast.pl\/index.php?rest_route=%2Fwp%2Fv2%2Fcomments&post=249"}],"version-history":[{"count":20,"href":"https:\/\/www.naszpiast.pl\/index.php?rest_route=\/wp\/v2\/pages\/249\/revisions"}],"predecessor-version":[{"id":423,"href":"https:\/\/www.naszpiast.pl\/index.php?rest_route=\/wp\/v2\/pages\/249\/revisions\/423"}],"wp:featuredmedia":[{"embeddable":true,"href":"https:\/\/www.naszpiast.pl\/index.php?rest_route=\/wp\/v2\/media\/420"}],"wp:attachment":[{"href":"https:\/\/www.naszpiast.pl\/index.php?rest_route=%2Fwp%2Fv2%2Fmedia&parent=249"}],"curies":[{"name":"wp","href":"https:\/\/api.w.org\/{rel}","templated":true}]}}