{"id":424,"date":"2021-08-19T12:53:41","date_gmt":"2021-08-19T10:53:41","guid":{"rendered":"http:\/\/www.naszpiast.pl\/?page_id=424"},"modified":"2021-10-06T19:10:39","modified_gmt":"2021-10-06T17:10:39","slug":"x-przeglad","status":"publish","type":"page","link":"https:\/\/www.naszpiast.pl\/?page_id=424","title":{"rendered":"X PRZEGL\u0104D"},"content":{"rendered":"\n<div class=\"wp-block-themeisle-blocks-advanced-columns has-2-columns has-desktop-oneTwo-layout has-tablet-equal-layout has-mobile-collapsedRows-layout has-default-gap has-vertical-unset\" id=\"wp-block-themeisle-blocks-advanced-columns-bffd6564\"><div class=\"wp-block-themeisle-blocks-advanced-columns-overlay\"><\/div><div class=\"innerblocks-wrap\">\n<div class=\"wp-block-themeisle-blocks-advanced-column\" id=\"wp-block-themeisle-blocks-advanced-column-145bddee\">\n<figure class=\"wp-block-image size-full is-resized\"><img loading=\"lazy\" decoding=\"async\" src=\"https:\/\/www.naszpiast.pl\/wp-content\/uploads\/2021\/09\/BANEREK-X-przeglad.jpg\" alt=\"\" class=\"wp-image-599\" width=\"310\" height=\"204\"\/><\/figure>\n<\/div>\n\n\n\n<div class=\"wp-block-themeisle-blocks-advanced-column\" id=\"wp-block-themeisle-blocks-advanced-column-0a5581cb\">\n<p>W dniach <strong>10-12 stycznia 2020 roku <\/strong>odby\u0142a si\u0119 X edycja Og\u00f3lnopolskiego Przegl\u0105du Zespo\u0142\u00f3w i Grup Kol\u0119dniczych. Przewodnicz\u0105cym komitetu organizacyjnego by\u0142 by\u0142y minister kultury i sztuki obecnie wiceprzewodnicz\u0105cy Sejmiku Wojew\u00f3dztwa Lubelskiego Zdzis\u0142aw Podka\u0144ski. W\u015br\u00f3d organizator\u00f3w znale\u017ali si\u0119 r\u00f3wnie\u017c prezes Stowarzyszenia \u201eNasz Piast\u201d Czes\u0142aw Warda i koordynator imprezy Ma\u0142gorzata Iwanicka. W tegorocznym przegl\u0105dzie wzi\u0119\u0142y udzia\u0142 40 zespo\u0142\u00f3w i grup kol\u0119dniczych z Lubelszczyzny, Podkarpacia i Ma\u0142opolski. Dwudniowe eliminacje ocenia\u0142o jury w sk\u0142adzie: prof. dr hab. Jan Adamowski z UMCS, dr hab. Mariola Tymochowicz oraz mgr Andrzej Sar wicedyrektor Wojew\u00f3dzkiego O\u015brodka Kultury w Lublinie.<\/p>\n<\/div>\n<\/div><\/div>\n\n\n\n<div class=\"wp-block-image is-style-rounded\"><figure class=\"aligncenter size-large is-resized\"><img loading=\"lazy\" decoding=\"async\" src=\"https:\/\/www.naszpiast.pl\/wp-content\/uploads\/2021\/09\/X-Ogolnopolski-Przeglad-Zespolow-i-Grup-Koledniczych-fot-Marek-Dybek-43-1024x683.jpg\" alt=\"\" class=\"wp-image-650\" width=\"698\" height=\"466\" srcset=\"https:\/\/www.naszpiast.pl\/wp-content\/uploads\/2021\/09\/X-Ogolnopolski-Przeglad-Zespolow-i-Grup-Koledniczych-fot-Marek-Dybek-43-1024x683.jpg 1024w, https:\/\/www.naszpiast.pl\/wp-content\/uploads\/2021\/09\/X-Ogolnopolski-Przeglad-Zespolow-i-Grup-Koledniczych-fot-Marek-Dybek-43-300x200.jpg 300w, https:\/\/www.naszpiast.pl\/wp-content\/uploads\/2021\/09\/X-Ogolnopolski-Przeglad-Zespolow-i-Grup-Koledniczych-fot-Marek-Dybek-43-768x512.jpg 768w, https:\/\/www.naszpiast.pl\/wp-content\/uploads\/2021\/09\/X-Ogolnopolski-Przeglad-Zespolow-i-Grup-Koledniczych-fot-Marek-Dybek-43.jpg 1500w\" sizes=\"auto, (max-width: 698px) 100vw, 698px\" \/><\/figure><\/div>\n\n\n\n<p class=\"has-text-align-center\"><strong>Protok\u00f3\u0142 z X Og\u00f3lnopolskiego Przegl\u0105du Zespo\u0142\u00f3w i Grup Kol\u0119dniczych<\/strong><\/p>\n\n\n\n<p class=\"has-text-align-center\"><strong>Lublin, 10-12 stycznia 2020 roku<\/strong><\/p>\n\n\n\n<p>Jury w sk\u0142adzie:<\/p>\n\n\n\n<p><strong>Prof. dr. hab. Jan Adamowski<\/strong><\/p>\n\n\n\n<p><strong>dr hab. Mariola Tymochowicz<\/strong><\/p>\n\n\n\n<p><strong>mgr Andrzej Sar<\/strong><\/p>\n\n\n\n<p>po obejrzeniu i wys\u0142uchaniu w dniach 10-11 stycznia 2020 roku 40 prezentacji postanowi\u0142o przyzna\u0107 nast\u0119puj\u0105ce nagrody i wyr\u00f3\u017cnienia w dw\u00f3ch kategoriach:<\/p>\n\n\n\n<p class=\"has-text-align-center\"><strong>W kategorii grup kol\u0119dniczych:<\/strong><\/p>\n\n\n\n<p class=\"has-text-align-left\">I miejsce ex aequo<\/p>\n\n\n\n<ul class=\"wp-block-list\"><li><strong>Zesp\u00f3\u0142 Kol\u0119dniczy &#8222;Herody&#8221; z \u0141azor<\/strong><\/li><li><strong>Zesp\u00f3\u0142 Folklorystyczny &#8222;Folusz&#8221; z Giedlarowej<\/strong><\/li><\/ul>\n\n\n\n<p class=\"has-text-align-left\">II miejsce<\/p>\n\n\n\n<ul class=\"wp-block-list\"><li><strong>Grupa Kol\u0119dnicza z Lublina \u2013 &#8222;Ludowa Szopka z Lalkami&#8221;<\/strong><\/li><\/ul>\n\n\n\n<p class=\"has-text-align-left\">III miejsce ex aeequo<\/p>\n\n\n\n<ul class=\"wp-block-list\"><li><strong>Uczniowie ze Szko\u0142y Podstawowej w Stawie<\/strong><\/li><li><strong>Zesp\u00f3\u0142 &#8222;Moszczanianki&#8221; z Moszczanki<\/strong><\/li><\/ul>\n\n\n\n<p class=\"has-text-align-left\">Wyr\u00f3\u017cnienie<\/p>\n\n\n\n<ul class=\"wp-block-list\"><li><strong>Zesp\u00f3\u0142 &#8222;Kresowianki&#8221; z W\u0142odawy<\/strong><\/li><\/ul>\n\n\n\n<p class=\"has-text-align-center\"><strong>W kategorii zespo\u0142\u00f3w \u015bpiewaczych:<\/strong><\/p>\n\n\n\n<p class=\"has-text-align-left\">I miejsce ex aequo<\/p>\n\n\n\n<ul class=\"wp-block-list\"><li><strong>Grupa \u015apiewacza &#8222;Kaw\u0119czyn&#8221; z Kaw\u0119czyna<\/strong><\/li><li><strong>Zesp\u00f3\u0142 \u015apiewaczy &#8222;Jarz\u0119bina&#8221; z Kocudzy<\/strong><\/li><\/ul>\n\n\n\n<p class=\"has-text-align-left\">Ex aeqo II miejsce<\/p>\n\n\n\n<ul class=\"wp-block-list\"><li><strong>Zesp\u00f3\u0142 Wokalny &#8222;Jargocianie&#8221; z Jarocina<\/strong><\/li><li><strong>M\u0119ski Zesp\u00f3\u0142 \u015apiewaczy z Bukowej<\/strong><\/li><\/ul>\n\n\n\n<p class=\"has-text-align-left\">Ex aeqo III miejsce<\/p>\n\n\n\n<ul class=\"wp-block-list\"><li><strong>Zesp\u00f3\u0142 \u015apiewaczy &#8222;Stokrotka&#8221; z Oszczywilka<\/strong><\/li><\/ul>\n\n\n\n<ul class=\"wp-block-list\"><li><strong>Zesp\u00f3\u0142 \u015apiewaczy &#8222;Borowiacy&#8221; z Branwi<\/strong><\/li><li><strong>Zesp\u00f3\u0142 \u015apiewaczy &#8222;Czerniczanki&#8221; z Czernica<\/strong><\/li><\/ul>\n\n\n\n<p class=\"has-text-align-center\"><strong>Wyr\u00f3\u017cnienia<\/strong><\/p>\n\n\n\n<p>Zespo\u0142y dzieci\u0119ce: <strong>Zesp\u00f3\u0142 &#8222;Wisienki&#8221; z Kocudzy<\/strong> i <strong>Zesp\u00f3\u0142 &#8222;Malinki&#8221; z Jarocina<\/strong><\/p>\n\n\n\n<ul class=\"wp-block-list\"><li><strong>Zesp\u00f3\u0142 &#8222;Herody&#8221; z Budek<\/strong><\/li><li><strong>Zesp\u00f3\u0142 \u015apiewaczy &#8222;Babeczki&#8221; z Zawita\u0142y<\/strong><\/li><\/ul>\n\n\n\n<p>Nagroda Specjalna Prezesa LSM dla<strong> Zespo\u0142u Pie\u015bni i Ta\u0144ca Uniwersytetu Przyrodniczego w Lublinie &#8222;Jawor&#8221;<\/strong><\/p>\n\n\n\n<h4 class=\"has-text-align-center wp-block-heading\">***<\/h4>\n\n\n\n<blockquote class=\"wp-block-quote is-layout-flow wp-block-quote-is-layout-flow\"><p><em><strong>Jury pragnie podkre\u015bli\u0107 wysoki i do\u015b\u0107 wyr\u00f3wnany poziom tegorocznego przegl\u0105du. W wielu prezentacjach odwo\u0142ywano si\u0119 do autentcznej gwary i sposobu wykonania zgodnego ze swoim regionem. Jednak\u017ce zwracamy uwag\u0119, aby w przygotowywanym repertuarze w wi\u0119kszym stopniu respektowa\u0107 zakresy warto\u015bci kultury swojego regionu, poniewa\u017c kultura ludowa (tradaycyjna) ma wy\u0142\u0105cznie regionalny charakter. Wnosimy o wi\u0119ksze zainteresowanie tradycj\u0105, w tym formami kol\u0119dniczymi grup dzieci\u0119cych i m\u0142odzie\u017cowych.<\/strong><\/em><\/p><\/blockquote>\n\n\n\n<blockquote class=\"wp-block-quote is-layout-flow wp-block-quote-is-layout-flow\"><p><strong><em>Dzi\u0119kujemy wszystkim uczestnikom za przygotowanie program\u00f3w swoich prezentacji i udzia\u0142 w Przegl\u0105dzie. Z okazji Jubileuszu s\u0142owa szczeg\u00f3lnych podzi\u0119kowa\u0144 kierujemy do inicjator\u00f3w, organizator\u00f3w, patron\u00f3w i fundator\u00f3w nagr\u00f3d, bowiem dzi\u0119ki ich zaanga\u017cowaniu Przegl\u0105d mo\u017ce trwa\u0107, rozwija\u0107 si\u0119, a tak\u017ce pe\u0142ni\u0107 jak\u017ce wa\u017cn\u0105 misj\u0119 ochrony tradycji. Nale\u017cy pami\u0119ta\u0107, \u017ce kultura regionalna jest podstawowym wyr\u00f3\u017cnikiem to\u017csamo\u015bci poszczeg\u00f3lnych \u015brodowisk.<\/em><\/strong><\/p><\/blockquote>\n\n\n\n<p class=\"has-text-align-center\"> *** <\/p>\n\n\n\n<p><\/p>\n","protected":false},"excerpt":{"rendered":"<p>Protok\u00f3\u0142 z X Og\u00f3lnopolskiego Przegl\u0105du Zespo\u0142\u00f3w i Grup Kol\u0119dniczych Lublin, 10-12 stycznia 2020 roku Jury w sk\u0142adzie: Prof. dr. hab. Jan Adamowski dr hab. Mariola Tymochowicz mgr Andrzej Sar po obejrzeniu i wys\u0142uchaniu w dniach 10-11 stycznia 2020 roku 40 prezentacji postanowi\u0142o przyzna\u0107 nast\u0119puj\u0105ce nagrody i wyr\u00f3\u017cnienia w dw\u00f3ch kategoriach: W kategorii grup kol\u0119dniczych: I&hellip; <br \/> <a class=\"read-more\" href=\"https:\/\/www.naszpiast.pl\/?page_id=424\">Dowiedz si\u0119 wi\u0119cej<\/a><\/p>\n","protected":false},"author":1,"featured_media":624,"parent":362,"menu_order":21,"comment_status":"closed","ping_status":"closed","template":"","meta":{"_themeisle_gutenberg_block_has_review":false,"footnotes":""},"class_list":["post-424","page","type-page","status-publish","has-post-thumbnail","hentry"],"_links":{"self":[{"href":"https:\/\/www.naszpiast.pl\/index.php?rest_route=\/wp\/v2\/pages\/424","targetHints":{"allow":["GET"]}}],"collection":[{"href":"https:\/\/www.naszpiast.pl\/index.php?rest_route=\/wp\/v2\/pages"}],"about":[{"href":"https:\/\/www.naszpiast.pl\/index.php?rest_route=\/wp\/v2\/types\/page"}],"author":[{"embeddable":true,"href":"https:\/\/www.naszpiast.pl\/index.php?rest_route=\/wp\/v2\/users\/1"}],"replies":[{"embeddable":true,"href":"https:\/\/www.naszpiast.pl\/index.php?rest_route=%2Fwp%2Fv2%2Fcomments&post=424"}],"version-history":[{"count":20,"href":"https:\/\/www.naszpiast.pl\/index.php?rest_route=\/wp\/v2\/pages\/424\/revisions"}],"predecessor-version":[{"id":740,"href":"https:\/\/www.naszpiast.pl\/index.php?rest_route=\/wp\/v2\/pages\/424\/revisions\/740"}],"up":[{"embeddable":true,"href":"https:\/\/www.naszpiast.pl\/index.php?rest_route=\/wp\/v2\/pages\/362"}],"wp:featuredmedia":[{"embeddable":true,"href":"https:\/\/www.naszpiast.pl\/index.php?rest_route=\/wp\/v2\/media\/624"}],"wp:attachment":[{"href":"https:\/\/www.naszpiast.pl\/index.php?rest_route=%2Fwp%2Fv2%2Fmedia&parent=424"}],"curies":[{"name":"wp","href":"https:\/\/api.w.org\/{rel}","templated":true}]}}