{"id":640,"date":"2021-09-19T19:00:40","date_gmt":"2021-09-19T17:00:40","guid":{"rendered":"http:\/\/www.naszpiast.pl\/?page_id=640"},"modified":"2021-09-29T08:03:57","modified_gmt":"2021-09-29T06:03:57","slug":"stowarzyszenie","status":"publish","type":"page","link":"https:\/\/www.naszpiast.pl\/?page_id=640","title":{"rendered":"STOWARZYSZENIE"},"content":{"rendered":"\n<div class=\"wp-block-themeisle-blocks-advanced-columns has-2-columns has-desktop-oneTwo-layout has-tablet-equal-layout has-mobile-collapsedRows-layout has-default-gap has-vertical-unset\" id=\"wp-block-themeisle-blocks-advanced-columns-83103dd5\"><div class=\"wp-block-themeisle-blocks-advanced-columns-overlay\"><\/div><div class=\"innerblocks-wrap\">\n<div class=\"wp-block-themeisle-blocks-advanced-column\" id=\"wp-block-themeisle-blocks-advanced-column-b0337910\">\n<figure class=\"wp-block-image size-full\"><a href=\"https:\/\/www.naszpiast.pl\/wp-content\/uploads\/2021\/09\/STATUT-Stowarzyszenia-NASZ-PIAST.pdf\" target=\"_blank\" rel=\"noopener\"><img loading=\"lazy\" decoding=\"async\" width=\"354\" height=\"500\" src=\"https:\/\/www.naszpiast.pl\/wp-content\/uploads\/2021\/09\/small.png\" alt=\"STATUT Stowarzyszenia NASZ PIAST\" class=\"wp-image-641\" title=\"STATUT Stowarzyszenia NASZ PIAST\" srcset=\"https:\/\/www.naszpiast.pl\/wp-content\/uploads\/2021\/09\/small.png 354w, https:\/\/www.naszpiast.pl\/wp-content\/uploads\/2021\/09\/small-212x300.png 212w\" sizes=\"auto, (max-width: 354px) 100vw, 354px\" \/><\/a><\/figure>\n<\/div>\n\n\n\n<div class=\"wp-block-themeisle-blocks-advanced-column\" id=\"wp-block-themeisle-blocks-advanced-column-4a2744f0\">\n<p><strong>Stowarzyszenie Nasz Piast <\/strong>powsta\u0142o w 2008 roku z inicjatywy Zdzis\u0142awa Podka\u0144skiego, Ministra Kultury i Sztuki w latach 1996-97. G\u0142\u00f3wne cele statutowe Stowarzyszenia to aktywizowanie i integrowanie \u015brodowisk lokalnych, wspieranie rozwoju kulturalnego i o\u015bwiatowego, kt\u00f3ry realizowanie dokonuje si\u0119 poprzez:\u00a0<\/p>\n\n\n\n<p>&#8211; kszta\u0142cenie lokalnych lider\u00f3w<\/p>\n\n\n\n<p>&#8211; organizowanie imprez kulturalnych, wystaw i konkurs\u00f3w<\/p>\n\n\n\n<p>&#8211; organizowanie konferencji, szkole\u0144<\/p>\n\n\n\n<p>&#8211; organizowanie spotka\u0144<\/p>\n\n\n\n<p>&#8211; opracowywanie i wydawanie materia\u0142\u00f3w informacyjnych i pozycji ksi\u0105\u017ckowych.<\/p>\n\n\n\n<p>Dla realizacji tych cel\u00f3w Stowarzyszenie od 2008 roku organizuje m.in. Og\u00f3lnopolski Przegl\u0105d Kol\u0119dniczy, kt\u00f3rego jednym z cel\u00f3w jest ochrona Dziedzictwa Narodowego i kultywowanie tradycji kol\u0119dowania. Dotychczas zorganizowanych zosta\u0142o jedena\u015bcie przegl\u0105d\u00f3w kol\u0119dniczych, w kt\u00f3rych udzia\u0142 bra\u0142o oko\u0142o 30-40 zespo\u0142\u00f3w kol\u0119dniczych w ka\u017cdej edycji.<\/p>\n\n\n\n<p>Wszystkie edycje by\u0142y oceniane przez jury w sk\u0142adzie: profesor doktor habilitowany prof. dr hab. Jan Adamowski przewodnicz\u0105cy, dr Mariola Tymochowicz cz\u0142onek, Andrzej Sar cz\u0142onek Dziedzictwo kulturowe i tradycja to przypomnienie przesz\u0142o\u015bci dla przysz\u0142o\u015bci wyr\u00f3\u017cnienia i nagrody otrzymuj\u0105 w przegl\u0105dach te zespo\u0142y, kt\u00f3re odtwarzaj\u0105 kol\u0119dy \u015bpiewane 100, a mo\u017ce nawet 200 lat temu w regionie, z kt\u00f3rego pochodzi dany zesp\u00f3\u0142. Jest to przywracanie wsp\u00f3\u0142czesnemu spo\u0142ecze\u0144stwu wiedzy o ich przesz\u0142o\u015bci kulturowej. Wa\u017cnym elementem ocenianym przez jury jest te\u017c str\u00f3j zespo\u0142u, powinien to by\u0107 str\u00f3j regionalny, w\u0142a\u015bciwy dla regionu sk\u0105d pochodzi zesp\u00f3\u0142. Materia\u0142y z przegl\u0105d\u00f3w s\u0105 archiwizowane, powinno by\u0107 wi\u0119c utrwalane utrwalanie tekstu i melodii.<\/p>\n\n\n\n<p>Stowarzyszenie zorganizowa\u0142o r\u00f3wnie\u017c konferencj\u0119 naukow\u0105 pt. \u201eKultura ludowa Lubelszczyzny\u201d, co zaowocowa\u0142o wydaniem ksi\u0105\u017cki o tym tytule. Pierwsze wydanie zosta\u0142o przekazane do bibliotek gminnych i miejskich gminnych wojew\u00f3dztwa lubelskiego oraz przekazane zespo\u0142u bior\u0105cym udzia\u0142 11 przegl\u0105dzie kol\u0119dniczy. W 2020 roku zosta\u0142 r\u00f3wnie\u017c wydany kalendarz, w kt\u00f3rym zosta\u0142y opublikowane zdj\u0119cia zespo\u0142\u00f3w wyr\u00f3\u017cnionych w 9 przegl\u0105dzie kol\u0119dniczy. Aktualnie (tj. jesieni\u0105 2021 r.) Stowarzyszenie podejmuje dzia\u0142ania na rzecz drugiego wydania \u201eKsi\u0105\u017cki kultura ludowa Lubelszczyzny\u201d oraz organizacji XII Przegl\u0105du Kol\u0119dniczego na pocz\u0105tku 2022 roku.<\/p>\n<\/div>\n<\/div><\/div>\n","protected":false},"excerpt":{"rendered":"","protected":false},"author":1,"featured_media":281,"parent":163,"menu_order":1,"comment_status":"closed","ping_status":"closed","template":"","meta":{"_themeisle_gutenberg_block_has_review":false,"footnotes":""},"class_list":["post-640","page","type-page","status-publish","has-post-thumbnail","hentry"],"_links":{"self":[{"href":"https:\/\/www.naszpiast.pl\/index.php?rest_route=\/wp\/v2\/pages\/640","targetHints":{"allow":["GET"]}}],"collection":[{"href":"https:\/\/www.naszpiast.pl\/index.php?rest_route=\/wp\/v2\/pages"}],"about":[{"href":"https:\/\/www.naszpiast.pl\/index.php?rest_route=\/wp\/v2\/types\/page"}],"author":[{"embeddable":true,"href":"https:\/\/www.naszpiast.pl\/index.php?rest_route=\/wp\/v2\/users\/1"}],"replies":[{"embeddable":true,"href":"https:\/\/www.naszpiast.pl\/index.php?rest_route=%2Fwp%2Fv2%2Fcomments&post=640"}],"version-history":[{"count":6,"href":"https:\/\/www.naszpiast.pl\/index.php?rest_route=\/wp\/v2\/pages\/640\/revisions"}],"predecessor-version":[{"id":665,"href":"https:\/\/www.naszpiast.pl\/index.php?rest_route=\/wp\/v2\/pages\/640\/revisions\/665"}],"up":[{"embeddable":true,"href":"https:\/\/www.naszpiast.pl\/index.php?rest_route=\/wp\/v2\/pages\/163"}],"wp:featuredmedia":[{"embeddable":true,"href":"https:\/\/www.naszpiast.pl\/index.php?rest_route=\/wp\/v2\/media\/281"}],"wp:attachment":[{"href":"https:\/\/www.naszpiast.pl\/index.php?rest_route=%2Fwp%2Fv2%2Fmedia&parent=640"}],"curies":[{"name":"wp","href":"https:\/\/api.w.org\/{rel}","templated":true}]}}